{"id":4332,"date":"2024-12-20T08:16:11","date_gmt":"2024-12-20T08:16:11","guid":{"rendered":"https:\/\/bander.com\/product\/motorola-pmln8123a-ep910w-wireless-earpiece\/"},"modified":"2025-02-23T15:59:04","modified_gmt":"2025-02-23T15:59:04","slug":"motorola-pmln8123a-ep910w-wireless-earpiece","status":"publish","type":"product","link":"https:\/\/bander.com\/en\/tuotteet\/motorola-headsets\/motorola-pmln8123a-ep910w-wireless-earpiece\/","title":{"rendered":"Motorola PMLN8123A EP910W WIRELESS EARPIECE WITH IN-LINE PTT"},"content":{"rendered":"","protected":false},"excerpt":{"rendered":"<p>Motorola PMLN8123A EP910W Kriittisen viestinn\u00e4n kuuloke IN-LINE PTT:ll\u00e4<br \/>\n. T\u00e4ydellinen sarja micro-USB-latauskaapelilla. Yhteensopiva Motorola MOTOTRBO ION-, EVOLVE-, LEX L11-, TLK-sarjan ja kaikkien Android- ja iOS-laitteiden kanssa. Ei yhteensopiva mink\u00e4\u00e4n Bluetooth-radion kanssa. Varustettu \u00e4\u00e4nenvoimakkuuden lis\u00e4yksell\u00e4\/pienennyksell\u00e4 ja melunvaimennustoiminnolla sek\u00e4 Bluetooth 4.2 -tekniikalla, jonka akun puheaika kest\u00e4\u00e4 v\u00e4hint\u00e4\u00e4n 8 tuntia 5\/5\/90 k\u00e4ytt\u00f6jaksolla.<\/p>\n<p>Radio malleille: Evolve, ION, TLK 100i, TLK 110<\/p>\n","protected":false},"featured_media":4291,"template":"","meta":{"_uag_custom_page_level_css":""},"product_brand":[],"product_cat":[256],"product_tag":[],"class_list":{"0":"post-4332","1":"product","2":"type-product","3":"status-publish","4":"has-post-thumbnail","6":"product_cat-motorola-headsets","8":"first","9":"onbackorder","10":"taxable","11":"shipping-taxable","12":"purchasable","13":"product-type-simple"},"yoast_head":"<!-- This site is optimized with the Yoast SEO plugin v27.4 - https:\/\/yoast.com\/product\/yoast-seo-wordpress\/ -->\n<title>Motorola PMLN8123A EP910W WIRELESS EARPIECE WITH IN-LINE PTT - Bandercom<\/title>\n<meta name=\"robots\" content=\"index, follow, max-snippet:-1, max-image-preview:large, max-video-preview:-1\" \/>\n<link rel=\"canonical\" href=\"https:\/\/bander.com\/en\/tuotteet\/motorola-headsets\/motorola-pmln8123a-ep910w-wireless-earpiece\/\" \/>\n<meta property=\"og:locale\" content=\"en_US\" \/>\n<meta property=\"og:type\" content=\"article\" \/>\n<meta property=\"og:title\" content=\"Motorola PMLN8123A EP910W WIRELESS EARPIECE WITH IN-LINE PTT - Bandercom\" \/>\n<meta property=\"og:description\" content=\"Motorola PMLN8123A EP910W Kriittisen viestinn\u00e4n kuuloke IN-LINE PTT:ll\u00e4 . T\u00e4ydellinen sarja micro-USB-latauskaapelilla. Yhteensopiva Motorola MOTOTRBO ION-, EVOLVE-, LEX L11-, TLK-sarjan ja kaikkien Android- ja iOS-laitteiden kanssa. Ei yhteensopiva mink\u00e4\u00e4n Bluetooth-radion kanssa. Varustettu \u00e4\u00e4nenvoimakkuuden lis\u00e4yksell\u00e4\/pienennyksell\u00e4 ja melunvaimennustoiminnolla sek\u00e4 Bluetooth 4.2 -tekniikalla, jonka akun puheaika kest\u00e4\u00e4 v\u00e4hint\u00e4\u00e4n 8 tuntia 5\/5\/90 k\u00e4ytt\u00f6jaksolla.  Radio malleille: Evolve, ION, TLK 100i, TLK 110\" \/>\n<meta property=\"og:url\" content=\"https:\/\/bander.com\/en\/tuotteet\/motorola-headsets\/motorola-pmln8123a-ep910w-wireless-earpiece\/\" \/>\n<meta property=\"og:site_name\" content=\"Bandercom\" \/>\n<meta property=\"article:modified_time\" content=\"2025-02-23T15:59:04+00:00\" \/>\n<meta name=\"twitter:card\" content=\"summary_large_image\" \/>\n<script type=\"application\/ld+json\" class=\"yoast-schema-graph\">{\"@context\":\"https:\\\/\\\/schema.org\",\"@graph\":[{\"@type\":\"WebPage\",\"@id\":\"https:\\\/\\\/bander.com\\\/en\\\/tuotteet\\\/motorola-headsets\\\/motorola-pmln8123a-ep910w-wireless-earpiece\\\/\",\"url\":\"https:\\\/\\\/bander.com\\\/en\\\/tuotteet\\\/motorola-headsets\\\/motorola-pmln8123a-ep910w-wireless-earpiece\\\/\",\"name\":\"Motorola PMLN8123A EP910W WIRELESS EARPIECE WITH IN-LINE PTT - Bandercom\",\"isPartOf\":{\"@id\":\"https:\\\/\\\/bander.com\\\/en\\\/#website\"},\"primaryImageOfPage\":{\"@id\":\"https:\\\/\\\/bander.com\\\/en\\\/tuotteet\\\/motorola-headsets\\\/motorola-pmln8123a-ep910w-wireless-earpiece\\\/#primaryimage\"},\"image\":{\"@id\":\"https:\\\/\\\/bander.com\\\/en\\\/tuotteet\\\/motorola-headsets\\\/motorola-pmln8123a-ep910w-wireless-earpiece\\\/#primaryimage\"},\"thumbnailUrl\":\"https:\\\/\\\/bander.com\\\/wp-content\\\/uploads\\\/2024\\\/12\\\/PMLN8123A.avif\",\"datePublished\":\"2024-12-20T08:16:11+00:00\",\"dateModified\":\"2025-02-23T15:59:04+00:00\",\"breadcrumb\":{\"@id\":\"https:\\\/\\\/bander.com\\\/en\\\/tuotteet\\\/motorola-headsets\\\/motorola-pmln8123a-ep910w-wireless-earpiece\\\/#breadcrumb\"},\"inLanguage\":\"en-US\",\"potentialAction\":[{\"@type\":\"ReadAction\",\"target\":[\"https:\\\/\\\/bander.com\\\/en\\\/tuotteet\\\/motorola-headsets\\\/motorola-pmln8123a-ep910w-wireless-earpiece\\\/\"]}]},{\"@type\":\"ImageObject\",\"inLanguage\":\"en-US\",\"@id\":\"https:\\\/\\\/bander.com\\\/en\\\/tuotteet\\\/motorola-headsets\\\/motorola-pmln8123a-ep910w-wireless-earpiece\\\/#primaryimage\",\"url\":\"https:\\\/\\\/bander.com\\\/wp-content\\\/uploads\\\/2024\\\/12\\\/PMLN8123A.avif\",\"contentUrl\":\"https:\\\/\\\/bander.com\\\/wp-content\\\/uploads\\\/2024\\\/12\\\/PMLN8123A.avif\",\"width\":640,\"height\":522},{\"@type\":\"BreadcrumbList\",\"@id\":\"https:\\\/\\\/bander.com\\\/en\\\/tuotteet\\\/motorola-headsets\\\/motorola-pmln8123a-ep910w-wireless-earpiece\\\/#breadcrumb\",\"itemListElement\":[{\"@type\":\"ListItem\",\"position\":1,\"name\":\"Etusivu\",\"item\":\"https:\\\/\\\/bander.com\\\/en\\\/\"},{\"@type\":\"ListItem\",\"position\":2,\"name\":\"Products\",\"item\":\"https:\\\/\\\/bander.com\\\/en\\\/shop\\\/\"},{\"@type\":\"ListItem\",\"position\":3,\"name\":\"Motorola PMLN8123A EP910W WIRELESS EARPIECE WITH IN-LINE PTT\"}]},{\"@type\":\"WebSite\",\"@id\":\"https:\\\/\\\/bander.com\\\/en\\\/#website\",\"url\":\"https:\\\/\\\/bander.com\\\/en\\\/\",\"name\":\"Bandercom\",\"description\":\"Radiopuhelinverkkojen suunnittelu, rkonsultointi ja investoitikartoitukset, asennusty\u00f6t, radiopuhelimien vuokraus, radiopuhelimet, radiopuhelin, UHF, VHF\",\"publisher\":{\"@id\":\"https:\\\/\\\/bander.com\\\/en\\\/#organization\"},\"potentialAction\":[{\"@type\":\"SearchAction\",\"target\":{\"@type\":\"EntryPoint\",\"urlTemplate\":\"https:\\\/\\\/bander.com\\\/en\\\/?s={search_term_string}\"},\"query-input\":{\"@type\":\"PropertyValueSpecification\",\"valueRequired\":true,\"valueName\":\"search_term_string\"}}],\"inLanguage\":\"en-US\"},{\"@type\":\"Organization\",\"@id\":\"https:\\\/\\\/bander.com\\\/en\\\/#organization\",\"name\":\"Bandercom\",\"url\":\"https:\\\/\\\/bander.com\\\/en\\\/\",\"logo\":{\"@type\":\"ImageObject\",\"inLanguage\":\"en-US\",\"@id\":\"https:\\\/\\\/bander.com\\\/en\\\/#\\\/schema\\\/logo\\\/image\\\/\",\"url\":\"https:\\\/\\\/bander.com\\\/wp-content\\\/uploads\\\/2024\\\/09\\\/bandercom-logo.png\",\"contentUrl\":\"https:\\\/\\\/bander.com\\\/wp-content\\\/uploads\\\/2024\\\/09\\\/bandercom-logo.png\",\"width\":300,\"height\":52,\"caption\":\"Bandercom\"},\"image\":{\"@id\":\"https:\\\/\\\/bander.com\\\/en\\\/#\\\/schema\\\/logo\\\/image\\\/\"}}]}<\/script>\n<!-- \/ Yoast SEO plugin. -->","yoast_head_json":{"title":"Motorola PMLN8123A EP910W WIRELESS EARPIECE WITH IN-LINE PTT - Bandercom","robots":{"index":"index","follow":"follow","max-snippet":"max-snippet:-1","max-image-preview":"max-image-preview:large","max-video-preview":"max-video-preview:-1"},"canonical":"https:\/\/bander.com\/en\/tuotteet\/motorola-headsets\/motorola-pmln8123a-ep910w-wireless-earpiece\/","og_locale":"en_US","og_type":"article","og_title":"Motorola PMLN8123A EP910W WIRELESS EARPIECE WITH IN-LINE PTT - Bandercom","og_description":"Motorola PMLN8123A EP910W Kriittisen viestinn\u00e4n kuuloke IN-LINE PTT:ll\u00e4 . T\u00e4ydellinen sarja micro-USB-latauskaapelilla. Yhteensopiva Motorola MOTOTRBO ION-, EVOLVE-, LEX L11-, TLK-sarjan ja kaikkien Android- ja iOS-laitteiden kanssa. Ei yhteensopiva mink\u00e4\u00e4n Bluetooth-radion kanssa. Varustettu \u00e4\u00e4nenvoimakkuuden lis\u00e4yksell\u00e4\/pienennyksell\u00e4 ja melunvaimennustoiminnolla sek\u00e4 Bluetooth 4.2 -tekniikalla, jonka akun puheaika kest\u00e4\u00e4 v\u00e4hint\u00e4\u00e4n 8 tuntia 5\/5\/90 k\u00e4ytt\u00f6jaksolla.  Radio malleille: Evolve, ION, TLK 100i, TLK 110","og_url":"https:\/\/bander.com\/en\/tuotteet\/motorola-headsets\/motorola-pmln8123a-ep910w-wireless-earpiece\/","og_site_name":"Bandercom","article_modified_time":"2025-02-23T15:59:04+00:00","twitter_card":"summary_large_image","schema":{"@context":"https:\/\/schema.org","@graph":[{"@type":"WebPage","@id":"https:\/\/bander.com\/en\/tuotteet\/motorola-headsets\/motorola-pmln8123a-ep910w-wireless-earpiece\/","url":"https:\/\/bander.com\/en\/tuotteet\/motorola-headsets\/motorola-pmln8123a-ep910w-wireless-earpiece\/","name":"Motorola PMLN8123A EP910W WIRELESS EARPIECE WITH IN-LINE PTT - Bandercom","isPartOf":{"@id":"https:\/\/bander.com\/en\/#website"},"primaryImageOfPage":{"@id":"https:\/\/bander.com\/en\/tuotteet\/motorola-headsets\/motorola-pmln8123a-ep910w-wireless-earpiece\/#primaryimage"},"image":{"@id":"https:\/\/bander.com\/en\/tuotteet\/motorola-headsets\/motorola-pmln8123a-ep910w-wireless-earpiece\/#primaryimage"},"thumbnailUrl":"https:\/\/bander.com\/wp-content\/uploads\/2024\/12\/PMLN8123A.avif","datePublished":"2024-12-20T08:16:11+00:00","dateModified":"2025-02-23T15:59:04+00:00","breadcrumb":{"@id":"https:\/\/bander.com\/en\/tuotteet\/motorola-headsets\/motorola-pmln8123a-ep910w-wireless-earpiece\/#breadcrumb"},"inLanguage":"en-US","potentialAction":[{"@type":"ReadAction","target":["https:\/\/bander.com\/en\/tuotteet\/motorola-headsets\/motorola-pmln8123a-ep910w-wireless-earpiece\/"]}]},{"@type":"ImageObject","inLanguage":"en-US","@id":"https:\/\/bander.com\/en\/tuotteet\/motorola-headsets\/motorola-pmln8123a-ep910w-wireless-earpiece\/#primaryimage","url":"https:\/\/bander.com\/wp-content\/uploads\/2024\/12\/PMLN8123A.avif","contentUrl":"https:\/\/bander.com\/wp-content\/uploads\/2024\/12\/PMLN8123A.avif","width":640,"height":522},{"@type":"BreadcrumbList","@id":"https:\/\/bander.com\/en\/tuotteet\/motorola-headsets\/motorola-pmln8123a-ep910w-wireless-earpiece\/#breadcrumb","itemListElement":[{"@type":"ListItem","position":1,"name":"Etusivu","item":"https:\/\/bander.com\/en\/"},{"@type":"ListItem","position":2,"name":"Products","item":"https:\/\/bander.com\/en\/shop\/"},{"@type":"ListItem","position":3,"name":"Motorola PMLN8123A EP910W WIRELESS EARPIECE WITH IN-LINE PTT"}]},{"@type":"WebSite","@id":"https:\/\/bander.com\/en\/#website","url":"https:\/\/bander.com\/en\/","name":"Bandercom","description":"Radiopuhelinverkkojen suunnittelu, rkonsultointi ja investoitikartoitukset, asennusty\u00f6t, radiopuhelimien vuokraus, radiopuhelimet, radiopuhelin, UHF, VHF","publisher":{"@id":"https:\/\/bander.com\/en\/#organization"},"potentialAction":[{"@type":"SearchAction","target":{"@type":"EntryPoint","urlTemplate":"https:\/\/bander.com\/en\/?s={search_term_string}"},"query-input":{"@type":"PropertyValueSpecification","valueRequired":true,"valueName":"search_term_string"}}],"inLanguage":"en-US"},{"@type":"Organization","@id":"https:\/\/bander.com\/en\/#organization","name":"Bandercom","url":"https:\/\/bander.com\/en\/","logo":{"@type":"ImageObject","inLanguage":"en-US","@id":"https:\/\/bander.com\/en\/#\/schema\/logo\/image\/","url":"https:\/\/bander.com\/wp-content\/uploads\/2024\/09\/bandercom-logo.png","contentUrl":"https:\/\/bander.com\/wp-content\/uploads\/2024\/09\/bandercom-logo.png","width":300,"height":52,"caption":"Bandercom"},"image":{"@id":"https:\/\/bander.com\/en\/#\/schema\/logo\/image\/"}}]}},"uagb_featured_image_src":{"full":["https:\/\/bander.com\/wp-content\/uploads\/2024\/12\/PMLN8123A.avif",640,522,false],"thumbnail":["https:\/\/bander.com\/wp-content\/uploads\/2024\/12\/PMLN8123A-150x150.avif",150,150,true],"medium":["https:\/\/bander.com\/wp-content\/uploads\/2024\/12\/PMLN8123A-300x245.avif",300,245,true],"medium_large":["https:\/\/bander.com\/wp-content\/uploads\/2024\/12\/PMLN8123A.avif",640,522,false],"large":["https:\/\/bander.com\/wp-content\/uploads\/2024\/12\/PMLN8123A.avif",640,522,false],"1536x1536":["https:\/\/bander.com\/wp-content\/uploads\/2024\/12\/PMLN8123A.avif",640,522,false],"2048x2048":["https:\/\/bander.com\/wp-content\/uploads\/2024\/12\/PMLN8123A.avif",640,522,false],"woocommerce_thumbnail":["https:\/\/bander.com\/wp-content\/uploads\/2024\/12\/PMLN8123A-324x324.avif",324,324,true],"woocommerce_single":["https:\/\/bander.com\/wp-content\/uploads\/2024\/12\/PMLN8123A-416x339.avif",416,339,true],"woocommerce_gallery_thumbnail":["https:\/\/bander.com\/wp-content\/uploads\/2024\/12\/PMLN8123A-100x100.avif",100,100,true]},"uagb_author_info":{"display_name":"Pirkko Pitk\u00e4niemi","author_link":"https:\/\/bander.com\/en\/author\/"},"uagb_comment_info":0,"uagb_excerpt":"Motorola PMLN8123A EP910W Kriittisen viestinn\u00e4n kuuloke IN-LINE PTT:ll\u00e4 . T\u00e4ydellinen sarja micro-USB-latauskaapelilla. Yhteensopiva Motorola MOTOTRBO ION-, EVOLVE-, LEX L11-, TLK-sarjan ja kaikkien Android- ja iOS-laitteiden kanssa. Ei yhteensopiva mink\u00e4\u00e4n Bluetooth-radion kanssa. Varustettu \u00e4\u00e4nenvoimakkuuden lis\u00e4yksell\u00e4\/pienennyksell\u00e4 ja melunvaimennustoiminnolla sek\u00e4 Bluetooth 4.2 -tekniikalla, jonka akun puheaika kest\u00e4\u00e4 v\u00e4hint\u00e4\u00e4n 8 tuntia 5\/5\/90 k\u00e4ytt\u00f6jaksolla. Radio malleille: Evolve, ION, TLK 100i,&hellip;","_links":{"self":[{"href":"https:\/\/bander.com\/en\/wp-json\/wp\/v2\/product\/4332","targetHints":{"allow":["GET"]}}],"collection":[{"href":"https:\/\/bander.com\/en\/wp-json\/wp\/v2\/product"}],"about":[{"href":"https:\/\/bander.com\/en\/wp-json\/wp\/v2\/types\/product"}],"wp:featuredmedia":[{"embeddable":true,"href":"https:\/\/bander.com\/en\/wp-json\/wp\/v2\/media\/4291"}],"wp:attachment":[{"href":"https:\/\/bander.com\/en\/wp-json\/wp\/v2\/media?parent=4332"}],"wp:term":[{"taxonomy":"product_brand","embeddable":true,"href":"https:\/\/bander.com\/en\/wp-json\/wp\/v2\/product_brand?post=4332"},{"taxonomy":"product_cat","embeddable":true,"href":"https:\/\/bander.com\/en\/wp-json\/wp\/v2\/product_cat?post=4332"},{"taxonomy":"product_tag","embeddable":true,"href":"https:\/\/bander.com\/en\/wp-json\/wp\/v2\/product_tag?post=4332"}],"curies":[{"name":"wp","href":"https:\/\/api.w.org\/{rel}","templated":true}]}}