{"id":39380,"date":"2026-05-07T11:02:13","date_gmt":"2026-05-07T08:02:13","guid":{"rendered":"https:\/\/bander.com\/tuotteet\/Ei-luokiteltu\/hytera-p50\/"},"modified":"2026-05-07T11:06:29","modified_gmt":"2026-05-07T08:06:29","slug":"hytera-p50","status":"publish","type":"product","link":"https:\/\/bander.com\/en\/tuotteet\/lte-radios\/lte-handheld-radios\/hytera-p50\/","title":{"rendered":"Hytera P50"},"content":{"rendered":"<p>Hytera P50<\/p>\n<p>Osan\u00e4pp\u00e4imist\u00f6ll\u00e4 varustettu k\u00e4siradio. 1 GB RAM + 8 GB tallennustila, TN LCD -n\u00e4ytt\u00f6. Tukee 4G\/3G\/2G-verkkoja. Bluetooth, WiFi sek\u00e4 monipaikannusj\u00e4rjestelm\u00e4 (GPS\/BDS\/GLONASS\/Galileo). Aasia\/Eurooppa\/Afrikka-versio. 4000 mAh akku (BP4012). Pakkauksessa UK&amp;EU-laturi (2A, TYPE-C), USB-kaapeli, vy\u00f6klipsi ja k\u00e4ytt\u00f6ohjeet.<\/p>\n","protected":false},"excerpt":{"rendered":"<p>Hytera P50 Osan\u00e4pp\u00e4imist\u00f6ll\u00e4 varustettu k\u00e4siradio. 1 GB RAM + 8 GB tallennustila, TN LCD -n\u00e4ytt\u00f6. Tukee 4G\/3G\/2G-verkkoja. Bluetooth, WiFi sek\u00e4 monipaikannusj\u00e4rjestelm\u00e4 (GPS\/BDS\/GLONASS\/Galileo). Aasia\/Eurooppa\/Afrikka-versio. 4000 mAh akku (BP4012). Pakkauksessa UK&amp;EU-laturi (2A, TYPE-C), USB-kaapeli, vy\u00f6klipsi ja k\u00e4ytt\u00f6ohjeet.<\/p>\n","protected":false},"featured_media":39384,"template":"","meta":{"_uag_custom_page_level_css":""},"product_brand":[],"product_cat":[81],"product_tag":[],"class_list":{"0":"post-39380","1":"product","2":"type-product","3":"status-publish","4":"has-post-thumbnail","6":"product_cat-lte-4g-kasiradiopuhelimet","8":"first","9":"onbackorder","10":"taxable","11":"shipping-taxable","12":"purchasable","13":"product-type-simple"},"yoast_head":"<!-- This site is optimized with the Yoast SEO plugin v27.5 - https:\/\/yoast.com\/product\/yoast-seo-wordpress\/ -->\n<title>Hytera P50 - Bandercom<\/title>\n<meta name=\"robots\" content=\"index, follow, max-snippet:-1, max-image-preview:large, max-video-preview:-1\" \/>\n<link rel=\"canonical\" href=\"https:\/\/bander.com\/en\/tuotteet\/lte-radios\/lte-handheld-radios\/hytera-p50\/\" \/>\n<meta property=\"og:locale\" content=\"en_US\" \/>\n<meta property=\"og:type\" content=\"article\" \/>\n<meta property=\"og:title\" content=\"Hytera P50 - Bandercom\" \/>\n<meta property=\"og:description\" content=\"Hytera P50 Osan\u00e4pp\u00e4imist\u00f6ll\u00e4 varustettu k\u00e4siradio. 1 GB RAM + 8 GB tallennustila, TN LCD -n\u00e4ytt\u00f6. Tukee 4G\/3G\/2G-verkkoja. Bluetooth, WiFi sek\u00e4 monipaikannusj\u00e4rjestelm\u00e4 (GPS\/BDS\/GLONASS\/Galileo). Aasia\/Eurooppa\/Afrikka-versio. 4000 mAh akku (BP4012). Pakkauksessa UK&amp;EU-laturi (2A, TYPE-C), USB-kaapeli, vy\u00f6klipsi ja k\u00e4ytt\u00f6ohjeet.\" \/>\n<meta property=\"og:url\" content=\"https:\/\/bander.com\/en\/tuotteet\/lte-radios\/lte-handheld-radios\/hytera-p50\/\" \/>\n<meta property=\"og:site_name\" content=\"Bandercom\" \/>\n<meta property=\"article:modified_time\" content=\"2026-05-07T08:06:29+00:00\" \/>\n<meta property=\"og:image\" content=\"https:\/\/bander.com\/wp-content\/uploads\/2026\/05\/P50.png\" \/>\n\t<meta property=\"og:image:width\" content=\"600\" \/>\n\t<meta property=\"og:image:height\" content=\"600\" \/>\n\t<meta property=\"og:image:type\" content=\"image\/png\" \/>\n<meta name=\"twitter:card\" content=\"summary_large_image\" \/>\n<meta name=\"twitter:label1\" content=\"Est. reading time\" \/>\n\t<meta name=\"twitter:data1\" content=\"1 minute\" \/>\n<script type=\"application\/ld+json\" class=\"yoast-schema-graph\">{\"@context\":\"https:\\\/\\\/schema.org\",\"@graph\":[{\"@type\":\"WebPage\",\"@id\":\"https:\\\/\\\/bander.com\\\/en\\\/tuotteet\\\/lte-radios\\\/lte-handheld-radios\\\/hytera-p50\\\/\",\"url\":\"https:\\\/\\\/bander.com\\\/en\\\/tuotteet\\\/lte-radios\\\/lte-handheld-radios\\\/hytera-p50\\\/\",\"name\":\"Hytera P50 - Bandercom\",\"isPartOf\":{\"@id\":\"https:\\\/\\\/bander.com\\\/en\\\/#website\"},\"primaryImageOfPage\":{\"@id\":\"https:\\\/\\\/bander.com\\\/en\\\/tuotteet\\\/lte-radios\\\/lte-handheld-radios\\\/hytera-p50\\\/#primaryimage\"},\"image\":{\"@id\":\"https:\\\/\\\/bander.com\\\/en\\\/tuotteet\\\/lte-radios\\\/lte-handheld-radios\\\/hytera-p50\\\/#primaryimage\"},\"thumbnailUrl\":\"https:\\\/\\\/bander.com\\\/wp-content\\\/uploads\\\/2026\\\/05\\\/P50.png\",\"datePublished\":\"2026-05-07T08:02:13+00:00\",\"dateModified\":\"2026-05-07T08:06:29+00:00\",\"breadcrumb\":{\"@id\":\"https:\\\/\\\/bander.com\\\/en\\\/tuotteet\\\/lte-radios\\\/lte-handheld-radios\\\/hytera-p50\\\/#breadcrumb\"},\"inLanguage\":\"en-US\",\"potentialAction\":[{\"@type\":\"ReadAction\",\"target\":[\"https:\\\/\\\/bander.com\\\/en\\\/tuotteet\\\/lte-radios\\\/lte-handheld-radios\\\/hytera-p50\\\/\"]}]},{\"@type\":\"ImageObject\",\"inLanguage\":\"en-US\",\"@id\":\"https:\\\/\\\/bander.com\\\/en\\\/tuotteet\\\/lte-radios\\\/lte-handheld-radios\\\/hytera-p50\\\/#primaryimage\",\"url\":\"https:\\\/\\\/bander.com\\\/wp-content\\\/uploads\\\/2026\\\/05\\\/P50.png\",\"contentUrl\":\"https:\\\/\\\/bander.com\\\/wp-content\\\/uploads\\\/2026\\\/05\\\/P50.png\",\"width\":600,\"height\":600},{\"@type\":\"BreadcrumbList\",\"@id\":\"https:\\\/\\\/bander.com\\\/en\\\/tuotteet\\\/lte-radios\\\/lte-handheld-radios\\\/hytera-p50\\\/#breadcrumb\",\"itemListElement\":[{\"@type\":\"ListItem\",\"position\":1,\"name\":\"Etusivu\",\"item\":\"https:\\\/\\\/bander.com\\\/en\\\/\"},{\"@type\":\"ListItem\",\"position\":2,\"name\":\"Products\",\"item\":\"https:\\\/\\\/bander.com\\\/en\\\/shop\\\/\"},{\"@type\":\"ListItem\",\"position\":3,\"name\":\"Hytera P50\"}]},{\"@type\":\"WebSite\",\"@id\":\"https:\\\/\\\/bander.com\\\/en\\\/#website\",\"url\":\"https:\\\/\\\/bander.com\\\/en\\\/\",\"name\":\"Bandercom\",\"description\":\"Radiopuhelinverkkojen suunnittelu, rkonsultointi ja investoitikartoitukset, asennusty\u00f6t, radiopuhelimien vuokraus, radiopuhelimet, radiopuhelin, UHF, VHF\",\"publisher\":{\"@id\":\"https:\\\/\\\/bander.com\\\/en\\\/#organization\"},\"potentialAction\":[{\"@type\":\"SearchAction\",\"target\":{\"@type\":\"EntryPoint\",\"urlTemplate\":\"https:\\\/\\\/bander.com\\\/en\\\/?s={search_term_string}\"},\"query-input\":{\"@type\":\"PropertyValueSpecification\",\"valueRequired\":true,\"valueName\":\"search_term_string\"}}],\"inLanguage\":\"en-US\"},{\"@type\":\"Organization\",\"@id\":\"https:\\\/\\\/bander.com\\\/en\\\/#organization\",\"name\":\"Bandercom\",\"url\":\"https:\\\/\\\/bander.com\\\/en\\\/\",\"logo\":{\"@type\":\"ImageObject\",\"inLanguage\":\"en-US\",\"@id\":\"https:\\\/\\\/bander.com\\\/en\\\/#\\\/schema\\\/logo\\\/image\\\/\",\"url\":\"https:\\\/\\\/bander.com\\\/wp-content\\\/uploads\\\/2024\\\/09\\\/bandercom-logo.png\",\"contentUrl\":\"https:\\\/\\\/bander.com\\\/wp-content\\\/uploads\\\/2024\\\/09\\\/bandercom-logo.png\",\"width\":300,\"height\":52,\"caption\":\"Bandercom\"},\"image\":{\"@id\":\"https:\\\/\\\/bander.com\\\/en\\\/#\\\/schema\\\/logo\\\/image\\\/\"}}]}<\/script>\n<!-- \/ Yoast SEO plugin. -->","yoast_head_json":{"title":"Hytera P50 - Bandercom","robots":{"index":"index","follow":"follow","max-snippet":"max-snippet:-1","max-image-preview":"max-image-preview:large","max-video-preview":"max-video-preview:-1"},"canonical":"https:\/\/bander.com\/en\/tuotteet\/lte-radios\/lte-handheld-radios\/hytera-p50\/","og_locale":"en_US","og_type":"article","og_title":"Hytera P50 - Bandercom","og_description":"Hytera P50 Osan\u00e4pp\u00e4imist\u00f6ll\u00e4 varustettu k\u00e4siradio. 1 GB RAM + 8 GB tallennustila, TN LCD -n\u00e4ytt\u00f6. Tukee 4G\/3G\/2G-verkkoja. Bluetooth, WiFi sek\u00e4 monipaikannusj\u00e4rjestelm\u00e4 (GPS\/BDS\/GLONASS\/Galileo). Aasia\/Eurooppa\/Afrikka-versio. 4000 mAh akku (BP4012). Pakkauksessa UK&amp;EU-laturi (2A, TYPE-C), USB-kaapeli, vy\u00f6klipsi ja k\u00e4ytt\u00f6ohjeet.","og_url":"https:\/\/bander.com\/en\/tuotteet\/lte-radios\/lte-handheld-radios\/hytera-p50\/","og_site_name":"Bandercom","article_modified_time":"2026-05-07T08:06:29+00:00","og_image":[{"width":600,"height":600,"url":"https:\/\/bander.com\/wp-content\/uploads\/2026\/05\/P50.png","type":"image\/png"}],"twitter_card":"summary_large_image","twitter_misc":{"Est. reading time":"1 minute"},"schema":{"@context":"https:\/\/schema.org","@graph":[{"@type":"WebPage","@id":"https:\/\/bander.com\/en\/tuotteet\/lte-radios\/lte-handheld-radios\/hytera-p50\/","url":"https:\/\/bander.com\/en\/tuotteet\/lte-radios\/lte-handheld-radios\/hytera-p50\/","name":"Hytera P50 - Bandercom","isPartOf":{"@id":"https:\/\/bander.com\/en\/#website"},"primaryImageOfPage":{"@id":"https:\/\/bander.com\/en\/tuotteet\/lte-radios\/lte-handheld-radios\/hytera-p50\/#primaryimage"},"image":{"@id":"https:\/\/bander.com\/en\/tuotteet\/lte-radios\/lte-handheld-radios\/hytera-p50\/#primaryimage"},"thumbnailUrl":"https:\/\/bander.com\/wp-content\/uploads\/2026\/05\/P50.png","datePublished":"2026-05-07T08:02:13+00:00","dateModified":"2026-05-07T08:06:29+00:00","breadcrumb":{"@id":"https:\/\/bander.com\/en\/tuotteet\/lte-radios\/lte-handheld-radios\/hytera-p50\/#breadcrumb"},"inLanguage":"en-US","potentialAction":[{"@type":"ReadAction","target":["https:\/\/bander.com\/en\/tuotteet\/lte-radios\/lte-handheld-radios\/hytera-p50\/"]}]},{"@type":"ImageObject","inLanguage":"en-US","@id":"https:\/\/bander.com\/en\/tuotteet\/lte-radios\/lte-handheld-radios\/hytera-p50\/#primaryimage","url":"https:\/\/bander.com\/wp-content\/uploads\/2026\/05\/P50.png","contentUrl":"https:\/\/bander.com\/wp-content\/uploads\/2026\/05\/P50.png","width":600,"height":600},{"@type":"BreadcrumbList","@id":"https:\/\/bander.com\/en\/tuotteet\/lte-radios\/lte-handheld-radios\/hytera-p50\/#breadcrumb","itemListElement":[{"@type":"ListItem","position":1,"name":"Etusivu","item":"https:\/\/bander.com\/en\/"},{"@type":"ListItem","position":2,"name":"Products","item":"https:\/\/bander.com\/en\/shop\/"},{"@type":"ListItem","position":3,"name":"Hytera P50"}]},{"@type":"WebSite","@id":"https:\/\/bander.com\/en\/#website","url":"https:\/\/bander.com\/en\/","name":"Bandercom","description":"Radiopuhelinverkkojen suunnittelu, rkonsultointi ja investoitikartoitukset, asennusty\u00f6t, radiopuhelimien vuokraus, radiopuhelimet, radiopuhelin, UHF, VHF","publisher":{"@id":"https:\/\/bander.com\/en\/#organization"},"potentialAction":[{"@type":"SearchAction","target":{"@type":"EntryPoint","urlTemplate":"https:\/\/bander.com\/en\/?s={search_term_string}"},"query-input":{"@type":"PropertyValueSpecification","valueRequired":true,"valueName":"search_term_string"}}],"inLanguage":"en-US"},{"@type":"Organization","@id":"https:\/\/bander.com\/en\/#organization","name":"Bandercom","url":"https:\/\/bander.com\/en\/","logo":{"@type":"ImageObject","inLanguage":"en-US","@id":"https:\/\/bander.com\/en\/#\/schema\/logo\/image\/","url":"https:\/\/bander.com\/wp-content\/uploads\/2024\/09\/bandercom-logo.png","contentUrl":"https:\/\/bander.com\/wp-content\/uploads\/2024\/09\/bandercom-logo.png","width":300,"height":52,"caption":"Bandercom"},"image":{"@id":"https:\/\/bander.com\/en\/#\/schema\/logo\/image\/"}}]}},"uagb_featured_image_src":{"full":["https:\/\/bander.com\/wp-content\/uploads\/2026\/05\/P50.png",600,600,false],"thumbnail":["https:\/\/bander.com\/wp-content\/uploads\/2026\/05\/P50-150x150.png",150,150,true],"medium":["https:\/\/bander.com\/wp-content\/uploads\/2026\/05\/P50-300x300.png",300,300,true],"medium_large":["https:\/\/bander.com\/wp-content\/uploads\/2026\/05\/P50.png",600,600,false],"large":["https:\/\/bander.com\/wp-content\/uploads\/2026\/05\/P50.png",600,600,false],"1536x1536":["https:\/\/bander.com\/wp-content\/uploads\/2026\/05\/P50.png",600,600,false],"2048x2048":["https:\/\/bander.com\/wp-content\/uploads\/2026\/05\/P50.png",600,600,false],"woocommerce_thumbnail":["https:\/\/bander.com\/wp-content\/uploads\/2026\/05\/P50-324x324.png",324,324,true],"woocommerce_single":["https:\/\/bander.com\/wp-content\/uploads\/2026\/05\/P50-416x416.png",416,416,true],"woocommerce_gallery_thumbnail":["https:\/\/bander.com\/wp-content\/uploads\/2026\/05\/P50-100x100.png",100,100,true]},"uagb_author_info":{"display_name":"Sami Alatalo","author_link":"https:\/\/bander.com\/en\/author\/"},"uagb_comment_info":0,"uagb_excerpt":"Hytera P50 Osan\u00e4pp\u00e4imist\u00f6ll\u00e4 varustettu k\u00e4siradio. 1 GB RAM + 8 GB tallennustila, TN LCD -n\u00e4ytt\u00f6. Tukee 4G\/3G\/2G-verkkoja. Bluetooth, WiFi sek\u00e4 monipaikannusj\u00e4rjestelm\u00e4 (GPS\/BDS\/GLONASS\/Galileo). Aasia\/Eurooppa\/Afrikka-versio. 4000 mAh akku (BP4012). Pakkauksessa UK&amp;EU-laturi (2A, TYPE-C), USB-kaapeli, vy\u00f6klipsi ja k\u00e4ytt\u00f6ohjeet.","_links":{"self":[{"href":"https:\/\/bander.com\/en\/wp-json\/wp\/v2\/product\/39380","targetHints":{"allow":["GET"]}}],"collection":[{"href":"https:\/\/bander.com\/en\/wp-json\/wp\/v2\/product"}],"about":[{"href":"https:\/\/bander.com\/en\/wp-json\/wp\/v2\/types\/product"}],"wp:featuredmedia":[{"embeddable":true,"href":"https:\/\/bander.com\/en\/wp-json\/wp\/v2\/media\/39384"}],"wp:attachment":[{"href":"https:\/\/bander.com\/en\/wp-json\/wp\/v2\/media?parent=39380"}],"wp:term":[{"taxonomy":"product_brand","embeddable":true,"href":"https:\/\/bander.com\/en\/wp-json\/wp\/v2\/product_brand?post=39380"},{"taxonomy":"product_cat","embeddable":true,"href":"https:\/\/bander.com\/en\/wp-json\/wp\/v2\/product_cat?post=39380"},{"taxonomy":"product_tag","embeddable":true,"href":"https:\/\/bander.com\/en\/wp-json\/wp\/v2\/product_tag?post=39380"}],"curies":[{"name":"wp","href":"https:\/\/api.w.org\/{rel}","templated":true}]}}