{"id":37199,"date":"2026-04-16T12:55:07","date_gmt":"2026-04-16T09:55:07","guid":{"rendered":"https:\/\/bander.com\/tuotteet\/Ei-luokiteltu\/sirio-t27-antennisarja-fme-liittimella\/"},"modified":"2026-04-16T12:55:07","modified_gmt":"2026-04-16T09:55:07","slug":"sirio-t27-antennisarja-fme-liittimella","status":"publish","type":"product","link":"https:\/\/bander.com\/en\/tuotteet\/sirio-antennas\/sirio-t27-antennisarja-fme-liittimella\/","title":{"rendered":"Sirio T27 antennisarja FME liittimell\u00e4"},"content":{"rendered":"<p>Sirio T27N CB antennisarja kiinte\u00e4ll\u00e4 FME liittimell\u00e4<br \/>\n4 metri\u00e4 antennikaapelia<br \/>\nTehonkesto 20 W ja hetkellinen 100W<br \/>\nvaatii CTS8009 adapterin laitekytkent\u00e4\u00e4 varten<\/p>\n","protected":false},"excerpt":{"rendered":"<p>Sirio T27N CB antennisarja kiinte\u00e4ll\u00e4 FME liittimell\u00e4 4 metri\u00e4 antennikaapelia Tehonkesto 20 W ja hetkellinen 100W vaatii CTS8009 adapterin laitekytkent\u00e4\u00e4 varten<\/p>\n","protected":false},"featured_media":0,"template":"","meta":{"_uag_custom_page_level_css":""},"product_brand":[],"product_cat":[105],"product_tag":[],"class_list":{"0":"post-37199","1":"product","2":"type-product","3":"status-publish","5":"product_cat-sirio-antennit","7":"first","8":"onbackorder","9":"taxable","10":"shipping-taxable","11":"purchasable","12":"product-type-simple"},"yoast_head":"<!-- This site is optimized with the Yoast SEO plugin v27.4 - https:\/\/yoast.com\/product\/yoast-seo-wordpress\/ -->\n<title>Sirio T27 antennisarja FME liittimell\u00e4 - Bandercom<\/title>\n<meta name=\"robots\" content=\"index, follow, max-snippet:-1, max-image-preview:large, max-video-preview:-1\" \/>\n<link rel=\"canonical\" href=\"https:\/\/bander.com\/en\/tuotteet\/sirio-antennas\/sirio-t27-antennisarja-fme-liittimella\/\" \/>\n<meta property=\"og:locale\" content=\"en_US\" \/>\n<meta property=\"og:type\" content=\"article\" \/>\n<meta property=\"og:title\" content=\"Sirio T27 antennisarja FME liittimell\u00e4 - Bandercom\" \/>\n<meta property=\"og:description\" content=\"Sirio T27N CB antennisarja kiinte\u00e4ll\u00e4 FME liittimell\u00e4 4 metri\u00e4 antennikaapelia Tehonkesto 20 W ja hetkellinen 100W vaatii CTS8009 adapterin laitekytkent\u00e4\u00e4 varten\" \/>\n<meta property=\"og:url\" content=\"https:\/\/bander.com\/en\/tuotteet\/sirio-antennas\/sirio-t27-antennisarja-fme-liittimella\/\" \/>\n<meta property=\"og:site_name\" content=\"Bandercom\" \/>\n<meta name=\"twitter:card\" content=\"summary_large_image\" \/>\n<script type=\"application\/ld+json\" class=\"yoast-schema-graph\">{\"@context\":\"https:\\\/\\\/schema.org\",\"@graph\":[{\"@type\":\"WebPage\",\"@id\":\"https:\\\/\\\/bander.com\\\/en\\\/tuotteet\\\/sirio-antennas\\\/sirio-t27-antennisarja-fme-liittimella\\\/\",\"url\":\"https:\\\/\\\/bander.com\\\/en\\\/tuotteet\\\/sirio-antennas\\\/sirio-t27-antennisarja-fme-liittimella\\\/\",\"name\":\"Sirio T27 antennisarja FME liittimell\u00e4 - Bandercom\",\"isPartOf\":{\"@id\":\"https:\\\/\\\/bander.com\\\/en\\\/#website\"},\"datePublished\":\"2026-04-16T09:55:07+00:00\",\"breadcrumb\":{\"@id\":\"https:\\\/\\\/bander.com\\\/en\\\/tuotteet\\\/sirio-antennas\\\/sirio-t27-antennisarja-fme-liittimella\\\/#breadcrumb\"},\"inLanguage\":\"en-US\",\"potentialAction\":[{\"@type\":\"ReadAction\",\"target\":[\"https:\\\/\\\/bander.com\\\/en\\\/tuotteet\\\/sirio-antennas\\\/sirio-t27-antennisarja-fme-liittimella\\\/\"]}]},{\"@type\":\"BreadcrumbList\",\"@id\":\"https:\\\/\\\/bander.com\\\/en\\\/tuotteet\\\/sirio-antennas\\\/sirio-t27-antennisarja-fme-liittimella\\\/#breadcrumb\",\"itemListElement\":[{\"@type\":\"ListItem\",\"position\":1,\"name\":\"Etusivu\",\"item\":\"https:\\\/\\\/bander.com\\\/en\\\/\"},{\"@type\":\"ListItem\",\"position\":2,\"name\":\"Products\",\"item\":\"https:\\\/\\\/bander.com\\\/en\\\/shop\\\/\"},{\"@type\":\"ListItem\",\"position\":3,\"name\":\"Sirio T27 antennisarja FME liittimell\u00e4\"}]},{\"@type\":\"WebSite\",\"@id\":\"https:\\\/\\\/bander.com\\\/en\\\/#website\",\"url\":\"https:\\\/\\\/bander.com\\\/en\\\/\",\"name\":\"Bandercom\",\"description\":\"Radiopuhelinverkkojen suunnittelu, rkonsultointi ja investoitikartoitukset, asennusty\u00f6t, radiopuhelimien vuokraus, radiopuhelimet, radiopuhelin, UHF, VHF\",\"publisher\":{\"@id\":\"https:\\\/\\\/bander.com\\\/en\\\/#organization\"},\"potentialAction\":[{\"@type\":\"SearchAction\",\"target\":{\"@type\":\"EntryPoint\",\"urlTemplate\":\"https:\\\/\\\/bander.com\\\/en\\\/?s={search_term_string}\"},\"query-input\":{\"@type\":\"PropertyValueSpecification\",\"valueRequired\":true,\"valueName\":\"search_term_string\"}}],\"inLanguage\":\"en-US\"},{\"@type\":\"Organization\",\"@id\":\"https:\\\/\\\/bander.com\\\/en\\\/#organization\",\"name\":\"Bandercom\",\"url\":\"https:\\\/\\\/bander.com\\\/en\\\/\",\"logo\":{\"@type\":\"ImageObject\",\"inLanguage\":\"en-US\",\"@id\":\"https:\\\/\\\/bander.com\\\/en\\\/#\\\/schema\\\/logo\\\/image\\\/\",\"url\":\"https:\\\/\\\/bander.com\\\/wp-content\\\/uploads\\\/2024\\\/09\\\/bandercom-logo.png\",\"contentUrl\":\"https:\\\/\\\/bander.com\\\/wp-content\\\/uploads\\\/2024\\\/09\\\/bandercom-logo.png\",\"width\":300,\"height\":52,\"caption\":\"Bandercom\"},\"image\":{\"@id\":\"https:\\\/\\\/bander.com\\\/en\\\/#\\\/schema\\\/logo\\\/image\\\/\"}}]}<\/script>\n<!-- \/ Yoast SEO plugin. -->","yoast_head_json":{"title":"Sirio T27 antennisarja FME liittimell\u00e4 - Bandercom","robots":{"index":"index","follow":"follow","max-snippet":"max-snippet:-1","max-image-preview":"max-image-preview:large","max-video-preview":"max-video-preview:-1"},"canonical":"https:\/\/bander.com\/en\/tuotteet\/sirio-antennas\/sirio-t27-antennisarja-fme-liittimella\/","og_locale":"en_US","og_type":"article","og_title":"Sirio T27 antennisarja FME liittimell\u00e4 - Bandercom","og_description":"Sirio T27N CB antennisarja kiinte\u00e4ll\u00e4 FME liittimell\u00e4 4 metri\u00e4 antennikaapelia Tehonkesto 20 W ja hetkellinen 100W vaatii CTS8009 adapterin laitekytkent\u00e4\u00e4 varten","og_url":"https:\/\/bander.com\/en\/tuotteet\/sirio-antennas\/sirio-t27-antennisarja-fme-liittimella\/","og_site_name":"Bandercom","twitter_card":"summary_large_image","schema":{"@context":"https:\/\/schema.org","@graph":[{"@type":"WebPage","@id":"https:\/\/bander.com\/en\/tuotteet\/sirio-antennas\/sirio-t27-antennisarja-fme-liittimella\/","url":"https:\/\/bander.com\/en\/tuotteet\/sirio-antennas\/sirio-t27-antennisarja-fme-liittimella\/","name":"Sirio T27 antennisarja FME liittimell\u00e4 - Bandercom","isPartOf":{"@id":"https:\/\/bander.com\/en\/#website"},"datePublished":"2026-04-16T09:55:07+00:00","breadcrumb":{"@id":"https:\/\/bander.com\/en\/tuotteet\/sirio-antennas\/sirio-t27-antennisarja-fme-liittimella\/#breadcrumb"},"inLanguage":"en-US","potentialAction":[{"@type":"ReadAction","target":["https:\/\/bander.com\/en\/tuotteet\/sirio-antennas\/sirio-t27-antennisarja-fme-liittimella\/"]}]},{"@type":"BreadcrumbList","@id":"https:\/\/bander.com\/en\/tuotteet\/sirio-antennas\/sirio-t27-antennisarja-fme-liittimella\/#breadcrumb","itemListElement":[{"@type":"ListItem","position":1,"name":"Etusivu","item":"https:\/\/bander.com\/en\/"},{"@type":"ListItem","position":2,"name":"Products","item":"https:\/\/bander.com\/en\/shop\/"},{"@type":"ListItem","position":3,"name":"Sirio T27 antennisarja FME liittimell\u00e4"}]},{"@type":"WebSite","@id":"https:\/\/bander.com\/en\/#website","url":"https:\/\/bander.com\/en\/","name":"Bandercom","description":"Radiopuhelinverkkojen suunnittelu, rkonsultointi ja investoitikartoitukset, asennusty\u00f6t, radiopuhelimien vuokraus, radiopuhelimet, radiopuhelin, UHF, VHF","publisher":{"@id":"https:\/\/bander.com\/en\/#organization"},"potentialAction":[{"@type":"SearchAction","target":{"@type":"EntryPoint","urlTemplate":"https:\/\/bander.com\/en\/?s={search_term_string}"},"query-input":{"@type":"PropertyValueSpecification","valueRequired":true,"valueName":"search_term_string"}}],"inLanguage":"en-US"},{"@type":"Organization","@id":"https:\/\/bander.com\/en\/#organization","name":"Bandercom","url":"https:\/\/bander.com\/en\/","logo":{"@type":"ImageObject","inLanguage":"en-US","@id":"https:\/\/bander.com\/en\/#\/schema\/logo\/image\/","url":"https:\/\/bander.com\/wp-content\/uploads\/2024\/09\/bandercom-logo.png","contentUrl":"https:\/\/bander.com\/wp-content\/uploads\/2024\/09\/bandercom-logo.png","width":300,"height":52,"caption":"Bandercom"},"image":{"@id":"https:\/\/bander.com\/en\/#\/schema\/logo\/image\/"}}]}},"uagb_featured_image_src":{"full":false,"thumbnail":false,"medium":false,"medium_large":false,"large":false,"1536x1536":false,"2048x2048":false,"woocommerce_thumbnail":false,"woocommerce_single":false,"woocommerce_gallery_thumbnail":false},"uagb_author_info":{"display_name":"","author_link":"https:\/\/bander.com\/en\/author\/"},"uagb_comment_info":0,"uagb_excerpt":"Sirio T27N CB antennisarja kiinte\u00e4ll\u00e4 FME liittimell\u00e4 4 metri\u00e4 antennikaapelia Tehonkesto 20 W ja hetkellinen 100W vaatii CTS8009 adapterin laitekytkent\u00e4\u00e4 varten","_links":{"self":[{"href":"https:\/\/bander.com\/en\/wp-json\/wp\/v2\/product\/37199","targetHints":{"allow":["GET"]}}],"collection":[{"href":"https:\/\/bander.com\/en\/wp-json\/wp\/v2\/product"}],"about":[{"href":"https:\/\/bander.com\/en\/wp-json\/wp\/v2\/types\/product"}],"wp:attachment":[{"href":"https:\/\/bander.com\/en\/wp-json\/wp\/v2\/media?parent=37199"}],"wp:term":[{"taxonomy":"product_brand","embeddable":true,"href":"https:\/\/bander.com\/en\/wp-json\/wp\/v2\/product_brand?post=37199"},{"taxonomy":"product_cat","embeddable":true,"href":"https:\/\/bander.com\/en\/wp-json\/wp\/v2\/product_cat?post=37199"},{"taxonomy":"product_tag","embeddable":true,"href":"https:\/\/bander.com\/en\/wp-json\/wp\/v2\/product_tag?post=37199"}],"curies":[{"name":"wp","href":"https:\/\/api.w.org\/{rel}","templated":true}]}}