{"id":35059,"date":"2026-03-23T14:25:07","date_gmt":"2026-03-23T12:25:07","guid":{"rendered":"https:\/\/bander.com\/tuotteet\/Ei-luokiteltu\/motorola-dm2600-mobile-analog-vhf\/"},"modified":"2026-03-23T14:25:07","modified_gmt":"2026-03-23T12:25:07","slug":"motorola-dm2600-mobile-analog-vhf","status":"publish","type":"product","link":"https:\/\/bander.com\/en\/tuotteet\/vhf-mobile-radios\/motorola-dm2600-mobile-analog-vhf\/","title":{"rendered":"Motorola DM2600 MOBILE ANALOG VHF"},"content":{"rendered":"<p>Taajuusalue:<br \/>\nVHF (136-174 MHz);<br \/>\nUHF (403-470 MHz)<\/p>\n<p>Fyysiset ominaisuudet<br \/>\n:<br \/>\nMitat K x L x S<br \/>\n: 44 x 169 x 134 mm<\/p>\n<p>Paino:<br \/>\n1,3 kg<\/p>\n<p>Sis\u00e4\u00e4nrakennettu kaiutin: Kyll\u00e4<\/p>\n<p>Radion ominaisuudet<br \/>\n:<br \/>\nKanavat:<br \/>\n16<\/p>\n<p>Kanavav\u00e4lit:<br \/>\n12.5, 20, 25<\/p>\n<p>L\u00e4hetyskatkos:<br \/>\nKyll\u00e4<\/p>\n<p>\u00c4\u00e4ni-ilmoitus:<br \/>\nKyll\u00e4<\/p>\n","protected":false},"excerpt":{"rendered":"<p>Taajuusalue: VHF (136-174 MHz); UHF (403-470 MHz) Fyysiset ominaisuudet : Mitat K x L x S : 44 x 169 x 134 mm Paino: 1,3 kg Sis\u00e4\u00e4nrakennettu kaiutin: Kyll\u00e4 Radion ominaisuudet : Kanavat: 16 Kanavav\u00e4lit: 12.5, 20, 25 L\u00e4hetyskatkos: Kyll\u00e4 \u00c4\u00e4ni-ilmoitus: Kyll\u00e4<\/p>\n","protected":false},"featured_media":0,"template":"","meta":{"_uag_custom_page_level_css":""},"product_brand":[],"product_cat":[80],"product_tag":[],"class_list":{"0":"post-35059","1":"product","2":"type-product","3":"status-publish","5":"product_cat-vhf-mobiili-radiopuhelimet","7":"first","8":"onbackorder","9":"taxable","10":"shipping-taxable","11":"purchasable","12":"product-type-simple"},"yoast_head":"<!-- This site is optimized with the Yoast SEO plugin v27.4 - https:\/\/yoast.com\/product\/yoast-seo-wordpress\/ -->\n<title>Motorola DM2600 MOBILE ANALOG VHF - Bandercom<\/title>\n<meta name=\"robots\" content=\"index, follow, max-snippet:-1, max-image-preview:large, max-video-preview:-1\" \/>\n<link rel=\"canonical\" href=\"https:\/\/bander.com\/en\/tuotteet\/vhf-mobile-radios\/motorola-dm2600-mobile-analog-vhf\/\" \/>\n<meta property=\"og:locale\" content=\"en_US\" \/>\n<meta property=\"og:type\" content=\"article\" \/>\n<meta property=\"og:title\" content=\"Motorola DM2600 MOBILE ANALOG VHF - Bandercom\" \/>\n<meta property=\"og:description\" content=\"Taajuusalue: VHF (136-174 MHz); UHF (403-470 MHz) Fyysiset ominaisuudet : Mitat K x L x S : 44 x 169 x 134 mm Paino: 1,3 kg Sis\u00e4\u00e4nrakennettu kaiutin: Kyll\u00e4 Radion ominaisuudet : Kanavat: 16 Kanavav\u00e4lit: 12.5, 20, 25 L\u00e4hetyskatkos: Kyll\u00e4 \u00c4\u00e4ni-ilmoitus: Kyll\u00e4\" \/>\n<meta property=\"og:url\" content=\"https:\/\/bander.com\/en\/tuotteet\/vhf-mobile-radios\/motorola-dm2600-mobile-analog-vhf\/\" \/>\n<meta property=\"og:site_name\" content=\"Bandercom\" \/>\n<meta name=\"twitter:card\" content=\"summary_large_image\" \/>\n<script type=\"application\/ld+json\" class=\"yoast-schema-graph\">{\"@context\":\"https:\\\/\\\/schema.org\",\"@graph\":[{\"@type\":\"WebPage\",\"@id\":\"https:\\\/\\\/bander.com\\\/en\\\/tuotteet\\\/vhf-mobile-radios\\\/motorola-dm2600-mobile-analog-vhf\\\/\",\"url\":\"https:\\\/\\\/bander.com\\\/en\\\/tuotteet\\\/vhf-mobile-radios\\\/motorola-dm2600-mobile-analog-vhf\\\/\",\"name\":\"Motorola DM2600 MOBILE ANALOG VHF - Bandercom\",\"isPartOf\":{\"@id\":\"https:\\\/\\\/bander.com\\\/en\\\/#website\"},\"datePublished\":\"2026-03-23T12:25:07+00:00\",\"breadcrumb\":{\"@id\":\"https:\\\/\\\/bander.com\\\/en\\\/tuotteet\\\/vhf-mobile-radios\\\/motorola-dm2600-mobile-analog-vhf\\\/#breadcrumb\"},\"inLanguage\":\"en-US\",\"potentialAction\":[{\"@type\":\"ReadAction\",\"target\":[\"https:\\\/\\\/bander.com\\\/en\\\/tuotteet\\\/vhf-mobile-radios\\\/motorola-dm2600-mobile-analog-vhf\\\/\"]}]},{\"@type\":\"BreadcrumbList\",\"@id\":\"https:\\\/\\\/bander.com\\\/en\\\/tuotteet\\\/vhf-mobile-radios\\\/motorola-dm2600-mobile-analog-vhf\\\/#breadcrumb\",\"itemListElement\":[{\"@type\":\"ListItem\",\"position\":1,\"name\":\"Etusivu\",\"item\":\"https:\\\/\\\/bander.com\\\/en\\\/\"},{\"@type\":\"ListItem\",\"position\":2,\"name\":\"Products\",\"item\":\"https:\\\/\\\/bander.com\\\/en\\\/shop\\\/\"},{\"@type\":\"ListItem\",\"position\":3,\"name\":\"Motorola DM2600 MOBILE ANALOG VHF\"}]},{\"@type\":\"WebSite\",\"@id\":\"https:\\\/\\\/bander.com\\\/en\\\/#website\",\"url\":\"https:\\\/\\\/bander.com\\\/en\\\/\",\"name\":\"Bandercom\",\"description\":\"Radiopuhelinverkkojen suunnittelu, rkonsultointi ja investoitikartoitukset, asennusty\u00f6t, radiopuhelimien vuokraus, radiopuhelimet, radiopuhelin, UHF, VHF\",\"publisher\":{\"@id\":\"https:\\\/\\\/bander.com\\\/en\\\/#organization\"},\"potentialAction\":[{\"@type\":\"SearchAction\",\"target\":{\"@type\":\"EntryPoint\",\"urlTemplate\":\"https:\\\/\\\/bander.com\\\/en\\\/?s={search_term_string}\"},\"query-input\":{\"@type\":\"PropertyValueSpecification\",\"valueRequired\":true,\"valueName\":\"search_term_string\"}}],\"inLanguage\":\"en-US\"},{\"@type\":\"Organization\",\"@id\":\"https:\\\/\\\/bander.com\\\/en\\\/#organization\",\"name\":\"Bandercom\",\"url\":\"https:\\\/\\\/bander.com\\\/en\\\/\",\"logo\":{\"@type\":\"ImageObject\",\"inLanguage\":\"en-US\",\"@id\":\"https:\\\/\\\/bander.com\\\/en\\\/#\\\/schema\\\/logo\\\/image\\\/\",\"url\":\"https:\\\/\\\/bander.com\\\/wp-content\\\/uploads\\\/2024\\\/09\\\/bandercom-logo.png\",\"contentUrl\":\"https:\\\/\\\/bander.com\\\/wp-content\\\/uploads\\\/2024\\\/09\\\/bandercom-logo.png\",\"width\":300,\"height\":52,\"caption\":\"Bandercom\"},\"image\":{\"@id\":\"https:\\\/\\\/bander.com\\\/en\\\/#\\\/schema\\\/logo\\\/image\\\/\"}}]}<\/script>\n<!-- \/ Yoast SEO plugin. -->","yoast_head_json":{"title":"Motorola DM2600 MOBILE ANALOG VHF - Bandercom","robots":{"index":"index","follow":"follow","max-snippet":"max-snippet:-1","max-image-preview":"max-image-preview:large","max-video-preview":"max-video-preview:-1"},"canonical":"https:\/\/bander.com\/en\/tuotteet\/vhf-mobile-radios\/motorola-dm2600-mobile-analog-vhf\/","og_locale":"en_US","og_type":"article","og_title":"Motorola DM2600 MOBILE ANALOG VHF - Bandercom","og_description":"Taajuusalue: VHF (136-174 MHz); UHF (403-470 MHz) Fyysiset ominaisuudet : Mitat K x L x S : 44 x 169 x 134 mm Paino: 1,3 kg Sis\u00e4\u00e4nrakennettu kaiutin: Kyll\u00e4 Radion ominaisuudet : Kanavat: 16 Kanavav\u00e4lit: 12.5, 20, 25 L\u00e4hetyskatkos: Kyll\u00e4 \u00c4\u00e4ni-ilmoitus: Kyll\u00e4","og_url":"https:\/\/bander.com\/en\/tuotteet\/vhf-mobile-radios\/motorola-dm2600-mobile-analog-vhf\/","og_site_name":"Bandercom","twitter_card":"summary_large_image","schema":{"@context":"https:\/\/schema.org","@graph":[{"@type":"WebPage","@id":"https:\/\/bander.com\/en\/tuotteet\/vhf-mobile-radios\/motorola-dm2600-mobile-analog-vhf\/","url":"https:\/\/bander.com\/en\/tuotteet\/vhf-mobile-radios\/motorola-dm2600-mobile-analog-vhf\/","name":"Motorola DM2600 MOBILE ANALOG VHF - Bandercom","isPartOf":{"@id":"https:\/\/bander.com\/en\/#website"},"datePublished":"2026-03-23T12:25:07+00:00","breadcrumb":{"@id":"https:\/\/bander.com\/en\/tuotteet\/vhf-mobile-radios\/motorola-dm2600-mobile-analog-vhf\/#breadcrumb"},"inLanguage":"en-US","potentialAction":[{"@type":"ReadAction","target":["https:\/\/bander.com\/en\/tuotteet\/vhf-mobile-radios\/motorola-dm2600-mobile-analog-vhf\/"]}]},{"@type":"BreadcrumbList","@id":"https:\/\/bander.com\/en\/tuotteet\/vhf-mobile-radios\/motorola-dm2600-mobile-analog-vhf\/#breadcrumb","itemListElement":[{"@type":"ListItem","position":1,"name":"Etusivu","item":"https:\/\/bander.com\/en\/"},{"@type":"ListItem","position":2,"name":"Products","item":"https:\/\/bander.com\/en\/shop\/"},{"@type":"ListItem","position":3,"name":"Motorola DM2600 MOBILE ANALOG VHF"}]},{"@type":"WebSite","@id":"https:\/\/bander.com\/en\/#website","url":"https:\/\/bander.com\/en\/","name":"Bandercom","description":"Radiopuhelinverkkojen suunnittelu, rkonsultointi ja investoitikartoitukset, asennusty\u00f6t, radiopuhelimien vuokraus, radiopuhelimet, radiopuhelin, UHF, VHF","publisher":{"@id":"https:\/\/bander.com\/en\/#organization"},"potentialAction":[{"@type":"SearchAction","target":{"@type":"EntryPoint","urlTemplate":"https:\/\/bander.com\/en\/?s={search_term_string}"},"query-input":{"@type":"PropertyValueSpecification","valueRequired":true,"valueName":"search_term_string"}}],"inLanguage":"en-US"},{"@type":"Organization","@id":"https:\/\/bander.com\/en\/#organization","name":"Bandercom","url":"https:\/\/bander.com\/en\/","logo":{"@type":"ImageObject","inLanguage":"en-US","@id":"https:\/\/bander.com\/en\/#\/schema\/logo\/image\/","url":"https:\/\/bander.com\/wp-content\/uploads\/2024\/09\/bandercom-logo.png","contentUrl":"https:\/\/bander.com\/wp-content\/uploads\/2024\/09\/bandercom-logo.png","width":300,"height":52,"caption":"Bandercom"},"image":{"@id":"https:\/\/bander.com\/en\/#\/schema\/logo\/image\/"}}]}},"uagb_featured_image_src":{"full":false,"thumbnail":false,"medium":false,"medium_large":false,"large":false,"1536x1536":false,"2048x2048":false,"woocommerce_thumbnail":false,"woocommerce_single":false,"woocommerce_gallery_thumbnail":false},"uagb_author_info":{"display_name":"","author_link":"https:\/\/bander.com\/en\/author\/"},"uagb_comment_info":0,"uagb_excerpt":"Taajuusalue: VHF (136-174 MHz); UHF (403-470 MHz) Fyysiset ominaisuudet : Mitat K x L x S : 44 x 169 x 134 mm Paino: 1,3 kg Sis\u00e4\u00e4nrakennettu kaiutin: Kyll\u00e4 Radion ominaisuudet : Kanavat: 16 Kanavav\u00e4lit: 12.5, 20, 25 L\u00e4hetyskatkos: Kyll\u00e4 \u00c4\u00e4ni-ilmoitus: Kyll\u00e4","_links":{"self":[{"href":"https:\/\/bander.com\/en\/wp-json\/wp\/v2\/product\/35059","targetHints":{"allow":["GET"]}}],"collection":[{"href":"https:\/\/bander.com\/en\/wp-json\/wp\/v2\/product"}],"about":[{"href":"https:\/\/bander.com\/en\/wp-json\/wp\/v2\/types\/product"}],"wp:attachment":[{"href":"https:\/\/bander.com\/en\/wp-json\/wp\/v2\/media?parent=35059"}],"wp:term":[{"taxonomy":"product_brand","embeddable":true,"href":"https:\/\/bander.com\/en\/wp-json\/wp\/v2\/product_brand?post=35059"},{"taxonomy":"product_cat","embeddable":true,"href":"https:\/\/bander.com\/en\/wp-json\/wp\/v2\/product_cat?post=35059"},{"taxonomy":"product_tag","embeddable":true,"href":"https:\/\/bander.com\/en\/wp-json\/wp\/v2\/product_tag?post=35059"}],"curies":[{"name":"wp","href":"https:\/\/api.w.org\/{rel}","templated":true}]}}