{"id":2819,"date":"2024-09-03T11:09:23","date_gmt":"2024-09-03T11:09:23","guid":{"rendered":"https:\/\/bander.com\/product\/sm-09-s1-external-speaker-for-ck03\/"},"modified":"2025-04-14T09:54:31","modified_gmt":"2025-04-14T09:54:31","slug":"sm-09-s1-external-speaker-for-ck03","status":"publish","type":"product","link":"https:\/\/bander.com\/en\/tuotteet\/uncategorized-en\/sm-09-s1-external-speaker-for-ck03\/","title":{"rendered":"Hytera SM-09-S1 External Speaker for CK03"},"content":{"rendered":"<p>Tekniset tiedot<br \/>\nUlkoinen kaiutin selke\u00e4ll\u00e4 \u00e4\u00e4nil\u00e4hd\u00f6ll\u00e4, sis\u00e4\u00e4nrakennetulla \u00e4\u00e4nenvahvistimella.<br \/>\n&#8211; K\u00e4ytett\u00e4v\u00e4ksi Hytera-autosarjojen kanssa.<br \/>\n&#8211; Joustava ja helppo asentaa<br \/>\n&#8211; S\u00e4\u00e4dett\u00e4v\u00e4 kannatin<\/p>\n<p>Tekniset tiedot<\/p>\n<p>Mitat: 155.6 mm x 92.5 mm x 140.2 mm<br \/>\nPaino: noin 774g<br \/>\nV\u00e4ri: musta<br \/>\nKaapelin pituus: 2 m<br \/>\nRadioliitin: Autosarja SPK pistoke (4-pin)<br \/>\nKauittimen teho: 15 W (rated); 20 W (max.)<br \/>\nKaiuttimen impedanssi: 8 \u03a9 \u00b115% @500 Hz<br \/>\nKaiuttimen taajuusalue: 88 \u00b12 dB @800 Hz (1 W\/1 m) @ 600, 700, 800, 900 Hz AVE<br \/>\nTunkeutumissuojaus: ei<br \/>\nK\u00e4ytt\u00f6l\u00e4mp\u00f6tilat: -30\u00b0C to 70\u00b0C<br \/>\nS\u00e4ilytyl\u00e4mp\u00f6tilat: -40\u00b0C to 85\u00b0C<br \/>\nSopivat autosarjat: CK02, CK02-E, CK03, CK03-E, CK05<\/p>\n","protected":false},"excerpt":{"rendered":"<p>Tekniset tiedot<br \/>\nUlkoinen kaiutin selke\u00e4ll\u00e4 \u00e4\u00e4nil\u00e4hd\u00f6ll\u00e4, sis\u00e4\u00e4nrakennetulla \u00e4\u00e4nenvahvistimella.<br \/>\n&#8211; K\u00e4ytett\u00e4v\u00e4ksi Hytera-autosarjojen kanssa.<br \/>\n&#8211; Joustava ja helppo asentaa<br \/>\n&#8211; S\u00e4\u00e4dett\u00e4v\u00e4 kannatin<\/p>\n<p>Tekniset tiedot<\/p>\n<p>Mitat: 155.6 mm x 92.5 mm x 140.2 mm<br \/>\nPaino: noin 774g<br \/>\nV\u00e4ri: musta<br \/>\nKaapelin pituus: 2 m<br \/>\nRadioliitin: Autosarja SPK pistoke (4-pin)<br \/>\nKauittimen teho: 15 W (rated); 20 W (max.)<br \/>\nKaiuttimen impedanssi: 8 \u03a9 \u00b115% @500 Hz<br \/>\nKaiuttimen taajuusalue: 88 \u00b12 dB @800 Hz (1 W\/1 m) @ 600, 700, 800, 900 Hz AVE<br \/>\nTunkeutumissuojaus: ei<br \/>\nK\u00e4ytt\u00f6l\u00e4mp\u00f6tilat: -30\u00b0C to 70\u00b0C<br \/>\nS\u00e4ilytyl\u00e4mp\u00f6tilat: -40\u00b0C to 85\u00b0C<br \/>\nSopivat autosarjat: CK02, CK02-E, CK03, CK03-E, CK05<\/p>\n","protected":false},"featured_media":1796,"template":"","meta":{"_uag_custom_page_level_css":""},"product_brand":[],"product_cat":[222,192],"product_tag":[],"class_list":{"0":"post-2819","1":"product","2":"type-product","3":"status-publish","4":"has-post-thumbnail","6":"product_cat-external-speakers","7":"product_cat-uncategorized-en","9":"first","10":"onbackorder","11":"taxable","12":"shipping-taxable","13":"purchasable","14":"product-type-simple"},"yoast_head":"<!-- This site is optimized with the Yoast SEO plugin v27.4 - https:\/\/yoast.com\/product\/yoast-seo-wordpress\/ -->\n<title>Hytera SM-09-S1 External Speaker for CK03 - Bandercom<\/title>\n<meta name=\"robots\" content=\"index, follow, max-snippet:-1, max-image-preview:large, max-video-preview:-1\" \/>\n<link rel=\"canonical\" href=\"https:\/\/bander.com\/en\/tuotteet\/uncategorized-en\/sm-09-s1-external-speaker-for-ck03\/\" \/>\n<meta property=\"og:locale\" content=\"en_US\" \/>\n<meta property=\"og:type\" content=\"article\" \/>\n<meta property=\"og:title\" content=\"Hytera SM-09-S1 External Speaker for CK03 - Bandercom\" \/>\n<meta property=\"og:description\" content=\"Tekniset tiedot Ulkoinen kaiutin selke\u00e4ll\u00e4 \u00e4\u00e4nil\u00e4hd\u00f6ll\u00e4, sis\u00e4\u00e4nrakennetulla \u00e4\u00e4nenvahvistimella. - K\u00e4ytett\u00e4v\u00e4ksi Hytera-autosarjojen kanssa. - Joustava ja helppo asentaa - S\u00e4\u00e4dett\u00e4v\u00e4 kannatin  Tekniset tiedot  Mitat: 155.6 mm x 92.5 mm x 140.2 mm Paino: noin 774g V\u00e4ri: musta Kaapelin pituus: 2 m Radioliitin: Autosarja SPK pistoke (4-pin) Kauittimen teho: 15 W (rated); 20 W (max.) Kaiuttimen impedanssi: 8 \u03a9 \u00b115% @500 Hz Kaiuttimen taajuusalue: 88 \u00b12 dB @800 Hz (1 W\/1 m) @ 600, 700, 800, 900 Hz AVE Tunkeutumissuojaus: ei K\u00e4ytt\u00f6l\u00e4mp\u00f6tilat: -30\u00b0C to 70\u00b0C S\u00e4ilytyl\u00e4mp\u00f6tilat: -40\u00b0C to 85\u00b0C Sopivat autosarjat: CK02, CK02-E, CK03, CK03-E, CK05\" \/>\n<meta property=\"og:url\" content=\"https:\/\/bander.com\/en\/tuotteet\/uncategorized-en\/sm-09-s1-external-speaker-for-ck03\/\" \/>\n<meta property=\"og:site_name\" content=\"Bandercom\" \/>\n<meta property=\"article:modified_time\" content=\"2025-04-14T09:54:31+00:00\" \/>\n<meta property=\"og:image\" content=\"https:\/\/bander.com\/wp-content\/uploads\/2024\/09\/SM09S1.png\" \/>\n\t<meta property=\"og:image:width\" content=\"420\" \/>\n\t<meta property=\"og:image:height\" content=\"440\" \/>\n\t<meta property=\"og:image:type\" content=\"image\/png\" \/>\n<meta name=\"twitter:card\" content=\"summary_large_image\" \/>\n<script type=\"application\/ld+json\" class=\"yoast-schema-graph\">{\"@context\":\"https:\\\/\\\/schema.org\",\"@graph\":[{\"@type\":\"WebPage\",\"@id\":\"https:\\\/\\\/bander.com\\\/en\\\/tuotteet\\\/uncategorized-en\\\/sm-09-s1-external-speaker-for-ck03\\\/\",\"url\":\"https:\\\/\\\/bander.com\\\/en\\\/tuotteet\\\/uncategorized-en\\\/sm-09-s1-external-speaker-for-ck03\\\/\",\"name\":\"Hytera SM-09-S1 External Speaker for CK03 - Bandercom\",\"isPartOf\":{\"@id\":\"https:\\\/\\\/bander.com\\\/en\\\/#website\"},\"primaryImageOfPage\":{\"@id\":\"https:\\\/\\\/bander.com\\\/en\\\/tuotteet\\\/uncategorized-en\\\/sm-09-s1-external-speaker-for-ck03\\\/#primaryimage\"},\"image\":{\"@id\":\"https:\\\/\\\/bander.com\\\/en\\\/tuotteet\\\/uncategorized-en\\\/sm-09-s1-external-speaker-for-ck03\\\/#primaryimage\"},\"thumbnailUrl\":\"https:\\\/\\\/bander.com\\\/wp-content\\\/uploads\\\/2024\\\/09\\\/SM09S1.png\",\"datePublished\":\"2024-09-03T11:09:23+00:00\",\"dateModified\":\"2025-04-14T09:54:31+00:00\",\"breadcrumb\":{\"@id\":\"https:\\\/\\\/bander.com\\\/en\\\/tuotteet\\\/uncategorized-en\\\/sm-09-s1-external-speaker-for-ck03\\\/#breadcrumb\"},\"inLanguage\":\"en-US\",\"potentialAction\":[{\"@type\":\"ReadAction\",\"target\":[\"https:\\\/\\\/bander.com\\\/en\\\/tuotteet\\\/uncategorized-en\\\/sm-09-s1-external-speaker-for-ck03\\\/\"]}]},{\"@type\":\"ImageObject\",\"inLanguage\":\"en-US\",\"@id\":\"https:\\\/\\\/bander.com\\\/en\\\/tuotteet\\\/uncategorized-en\\\/sm-09-s1-external-speaker-for-ck03\\\/#primaryimage\",\"url\":\"https:\\\/\\\/bander.com\\\/wp-content\\\/uploads\\\/2024\\\/09\\\/SM09S1.png\",\"contentUrl\":\"https:\\\/\\\/bander.com\\\/wp-content\\\/uploads\\\/2024\\\/09\\\/SM09S1.png\",\"width\":420,\"height\":440},{\"@type\":\"BreadcrumbList\",\"@id\":\"https:\\\/\\\/bander.com\\\/en\\\/tuotteet\\\/uncategorized-en\\\/sm-09-s1-external-speaker-for-ck03\\\/#breadcrumb\",\"itemListElement\":[{\"@type\":\"ListItem\",\"position\":1,\"name\":\"Etusivu\",\"item\":\"https:\\\/\\\/bander.com\\\/en\\\/\"},{\"@type\":\"ListItem\",\"position\":2,\"name\":\"Products\",\"item\":\"https:\\\/\\\/bander.com\\\/en\\\/shop\\\/\"},{\"@type\":\"ListItem\",\"position\":3,\"name\":\"Hytera SM-09-S1 External Speaker for CK03\"}]},{\"@type\":\"WebSite\",\"@id\":\"https:\\\/\\\/bander.com\\\/en\\\/#website\",\"url\":\"https:\\\/\\\/bander.com\\\/en\\\/\",\"name\":\"Bandercom\",\"description\":\"Radiopuhelinverkkojen suunnittelu, rkonsultointi ja investoitikartoitukset, asennusty\u00f6t, radiopuhelimien vuokraus, radiopuhelimet, radiopuhelin, UHF, VHF\",\"publisher\":{\"@id\":\"https:\\\/\\\/bander.com\\\/en\\\/#organization\"},\"potentialAction\":[{\"@type\":\"SearchAction\",\"target\":{\"@type\":\"EntryPoint\",\"urlTemplate\":\"https:\\\/\\\/bander.com\\\/en\\\/?s={search_term_string}\"},\"query-input\":{\"@type\":\"PropertyValueSpecification\",\"valueRequired\":true,\"valueName\":\"search_term_string\"}}],\"inLanguage\":\"en-US\"},{\"@type\":\"Organization\",\"@id\":\"https:\\\/\\\/bander.com\\\/en\\\/#organization\",\"name\":\"Bandercom\",\"url\":\"https:\\\/\\\/bander.com\\\/en\\\/\",\"logo\":{\"@type\":\"ImageObject\",\"inLanguage\":\"en-US\",\"@id\":\"https:\\\/\\\/bander.com\\\/en\\\/#\\\/schema\\\/logo\\\/image\\\/\",\"url\":\"https:\\\/\\\/bander.com\\\/wp-content\\\/uploads\\\/2024\\\/09\\\/bandercom-logo.png\",\"contentUrl\":\"https:\\\/\\\/bander.com\\\/wp-content\\\/uploads\\\/2024\\\/09\\\/bandercom-logo.png\",\"width\":300,\"height\":52,\"caption\":\"Bandercom\"},\"image\":{\"@id\":\"https:\\\/\\\/bander.com\\\/en\\\/#\\\/schema\\\/logo\\\/image\\\/\"}}]}<\/script>\n<!-- \/ Yoast SEO plugin. -->","yoast_head_json":{"title":"Hytera SM-09-S1 External Speaker for CK03 - Bandercom","robots":{"index":"index","follow":"follow","max-snippet":"max-snippet:-1","max-image-preview":"max-image-preview:large","max-video-preview":"max-video-preview:-1"},"canonical":"https:\/\/bander.com\/en\/tuotteet\/uncategorized-en\/sm-09-s1-external-speaker-for-ck03\/","og_locale":"en_US","og_type":"article","og_title":"Hytera SM-09-S1 External Speaker for CK03 - Bandercom","og_description":"Tekniset tiedot Ulkoinen kaiutin selke\u00e4ll\u00e4 \u00e4\u00e4nil\u00e4hd\u00f6ll\u00e4, sis\u00e4\u00e4nrakennetulla \u00e4\u00e4nenvahvistimella. - K\u00e4ytett\u00e4v\u00e4ksi Hytera-autosarjojen kanssa. - Joustava ja helppo asentaa - S\u00e4\u00e4dett\u00e4v\u00e4 kannatin  Tekniset tiedot  Mitat: 155.6 mm x 92.5 mm x 140.2 mm Paino: noin 774g V\u00e4ri: musta Kaapelin pituus: 2 m Radioliitin: Autosarja SPK pistoke (4-pin) Kauittimen teho: 15 W (rated); 20 W (max.) Kaiuttimen impedanssi: 8 \u03a9 \u00b115% @500 Hz Kaiuttimen taajuusalue: 88 \u00b12 dB @800 Hz (1 W\/1 m) @ 600, 700, 800, 900 Hz AVE Tunkeutumissuojaus: ei K\u00e4ytt\u00f6l\u00e4mp\u00f6tilat: -30\u00b0C to 70\u00b0C S\u00e4ilytyl\u00e4mp\u00f6tilat: -40\u00b0C to 85\u00b0C Sopivat autosarjat: CK02, CK02-E, CK03, CK03-E, CK05","og_url":"https:\/\/bander.com\/en\/tuotteet\/uncategorized-en\/sm-09-s1-external-speaker-for-ck03\/","og_site_name":"Bandercom","article_modified_time":"2025-04-14T09:54:31+00:00","og_image":[{"width":420,"height":440,"url":"https:\/\/bander.com\/wp-content\/uploads\/2024\/09\/SM09S1.png","type":"image\/png"}],"twitter_card":"summary_large_image","schema":{"@context":"https:\/\/schema.org","@graph":[{"@type":"WebPage","@id":"https:\/\/bander.com\/en\/tuotteet\/uncategorized-en\/sm-09-s1-external-speaker-for-ck03\/","url":"https:\/\/bander.com\/en\/tuotteet\/uncategorized-en\/sm-09-s1-external-speaker-for-ck03\/","name":"Hytera SM-09-S1 External Speaker for CK03 - Bandercom","isPartOf":{"@id":"https:\/\/bander.com\/en\/#website"},"primaryImageOfPage":{"@id":"https:\/\/bander.com\/en\/tuotteet\/uncategorized-en\/sm-09-s1-external-speaker-for-ck03\/#primaryimage"},"image":{"@id":"https:\/\/bander.com\/en\/tuotteet\/uncategorized-en\/sm-09-s1-external-speaker-for-ck03\/#primaryimage"},"thumbnailUrl":"https:\/\/bander.com\/wp-content\/uploads\/2024\/09\/SM09S1.png","datePublished":"2024-09-03T11:09:23+00:00","dateModified":"2025-04-14T09:54:31+00:00","breadcrumb":{"@id":"https:\/\/bander.com\/en\/tuotteet\/uncategorized-en\/sm-09-s1-external-speaker-for-ck03\/#breadcrumb"},"inLanguage":"en-US","potentialAction":[{"@type":"ReadAction","target":["https:\/\/bander.com\/en\/tuotteet\/uncategorized-en\/sm-09-s1-external-speaker-for-ck03\/"]}]},{"@type":"ImageObject","inLanguage":"en-US","@id":"https:\/\/bander.com\/en\/tuotteet\/uncategorized-en\/sm-09-s1-external-speaker-for-ck03\/#primaryimage","url":"https:\/\/bander.com\/wp-content\/uploads\/2024\/09\/SM09S1.png","contentUrl":"https:\/\/bander.com\/wp-content\/uploads\/2024\/09\/SM09S1.png","width":420,"height":440},{"@type":"BreadcrumbList","@id":"https:\/\/bander.com\/en\/tuotteet\/uncategorized-en\/sm-09-s1-external-speaker-for-ck03\/#breadcrumb","itemListElement":[{"@type":"ListItem","position":1,"name":"Etusivu","item":"https:\/\/bander.com\/en\/"},{"@type":"ListItem","position":2,"name":"Products","item":"https:\/\/bander.com\/en\/shop\/"},{"@type":"ListItem","position":3,"name":"Hytera SM-09-S1 External Speaker for CK03"}]},{"@type":"WebSite","@id":"https:\/\/bander.com\/en\/#website","url":"https:\/\/bander.com\/en\/","name":"Bandercom","description":"Radiopuhelinverkkojen suunnittelu, rkonsultointi ja investoitikartoitukset, asennusty\u00f6t, radiopuhelimien vuokraus, radiopuhelimet, radiopuhelin, UHF, VHF","publisher":{"@id":"https:\/\/bander.com\/en\/#organization"},"potentialAction":[{"@type":"SearchAction","target":{"@type":"EntryPoint","urlTemplate":"https:\/\/bander.com\/en\/?s={search_term_string}"},"query-input":{"@type":"PropertyValueSpecification","valueRequired":true,"valueName":"search_term_string"}}],"inLanguage":"en-US"},{"@type":"Organization","@id":"https:\/\/bander.com\/en\/#organization","name":"Bandercom","url":"https:\/\/bander.com\/en\/","logo":{"@type":"ImageObject","inLanguage":"en-US","@id":"https:\/\/bander.com\/en\/#\/schema\/logo\/image\/","url":"https:\/\/bander.com\/wp-content\/uploads\/2024\/09\/bandercom-logo.png","contentUrl":"https:\/\/bander.com\/wp-content\/uploads\/2024\/09\/bandercom-logo.png","width":300,"height":52,"caption":"Bandercom"},"image":{"@id":"https:\/\/bander.com\/en\/#\/schema\/logo\/image\/"}}]}},"uagb_featured_image_src":{"full":["https:\/\/bander.com\/wp-content\/uploads\/2024\/09\/SM09S1.png",420,440,false],"thumbnail":["https:\/\/bander.com\/wp-content\/uploads\/2024\/09\/SM09S1-150x150.png",150,150,true],"medium":["https:\/\/bander.com\/wp-content\/uploads\/2024\/09\/SM09S1-286x300.png",286,300,true],"medium_large":["https:\/\/bander.com\/wp-content\/uploads\/2024\/09\/SM09S1.png",420,440,false],"large":["https:\/\/bander.com\/wp-content\/uploads\/2024\/09\/SM09S1.png",420,440,false],"1536x1536":["https:\/\/bander.com\/wp-content\/uploads\/2024\/09\/SM09S1.png",420,440,false],"2048x2048":["https:\/\/bander.com\/wp-content\/uploads\/2024\/09\/SM09S1.png",420,440,false],"woocommerce_thumbnail":["https:\/\/bander.com\/wp-content\/uploads\/2024\/09\/SM09S1-324x324.png",324,324,true],"woocommerce_single":["https:\/\/bander.com\/wp-content\/uploads\/2024\/09\/SM09S1-416x436.png",416,436,true],"woocommerce_gallery_thumbnail":["https:\/\/bander.com\/wp-content\/uploads\/2024\/09\/SM09S1-100x100.png",100,100,true]},"uagb_author_info":{"display_name":"Sami Alatalo","author_link":"https:\/\/bander.com\/en\/author\/"},"uagb_comment_info":0,"uagb_excerpt":"Tekniset tiedot Ulkoinen kaiutin selke\u00e4ll\u00e4 \u00e4\u00e4nil\u00e4hd\u00f6ll\u00e4, sis\u00e4\u00e4nrakennetulla \u00e4\u00e4nenvahvistimella. - K\u00e4ytett\u00e4v\u00e4ksi Hytera-autosarjojen kanssa. - Joustava ja helppo asentaa - S\u00e4\u00e4dett\u00e4v\u00e4 kannatin Tekniset tiedot Mitat: 155.6 mm x 92.5 mm x 140.2 mm Paino: noin 774g V\u00e4ri: musta Kaapelin pituus: 2 m Radioliitin: Autosarja SPK pistoke (4-pin) Kauittimen teho: 15 W (rated); 20 W (max.) Kaiuttimen impedanssi:&hellip;","_links":{"self":[{"href":"https:\/\/bander.com\/en\/wp-json\/wp\/v2\/product\/2819","targetHints":{"allow":["GET"]}}],"collection":[{"href":"https:\/\/bander.com\/en\/wp-json\/wp\/v2\/product"}],"about":[{"href":"https:\/\/bander.com\/en\/wp-json\/wp\/v2\/types\/product"}],"wp:featuredmedia":[{"embeddable":true,"href":"https:\/\/bander.com\/en\/wp-json\/wp\/v2\/media\/1796"}],"wp:attachment":[{"href":"https:\/\/bander.com\/en\/wp-json\/wp\/v2\/media?parent=2819"}],"wp:term":[{"taxonomy":"product_brand","embeddable":true,"href":"https:\/\/bander.com\/en\/wp-json\/wp\/v2\/product_brand?post=2819"},{"taxonomy":"product_cat","embeddable":true,"href":"https:\/\/bander.com\/en\/wp-json\/wp\/v2\/product_cat?post=2819"},{"taxonomy":"product_tag","embeddable":true,"href":"https:\/\/bander.com\/en\/wp-json\/wp\/v2\/product_tag?post=2819"}],"curies":[{"name":"wp","href":"https:\/\/api.w.org\/{rel}","templated":true}]}}