{"id":14333,"date":"2025-10-16T12:35:36","date_gmt":"2025-10-16T09:35:36","guid":{"rendered":"https:\/\/bander.com\/tuotteet\/Ei-luokiteltu\/president-jfk-3-transceiver\/"},"modified":"2025-10-16T12:37:12","modified_gmt":"2025-10-16T09:37:12","slug":"president-jfk-3-transceiver","status":"publish","type":"product","link":"https:\/\/bander.com\/en\/tuotteet\/cb-mobile-radios\/president-jfk-3-transceiver\/","title":{"rendered":"President JFK 3 Transceiver"},"content":{"rendered":"<p>President JFK3<br \/>\nCB-mobiiliradio<\/p>\n<p>Sis\u00e4lt\u00e4\u00e4 DIN-asennus kehikon<\/p>\n<p>Vilkkuva kaiutin vastaanotossa (RX) ja l\u00e4hetyksess\u00e4 (TX)<\/p>\n<p>Monitaajuus \u2013 monistandardinen (10)<\/p>\n<p>Taajuusalue: 40 kanavaa (26,965 \u2013 27,405 MHz)<\/p>\n<p>Modulaatiotilat: AM \/ FM<\/p>\n<p>L\u00e4ht\u00f6teho: Max. 4 W (AM) \/ 4 W (FM)<\/p>\n<p>Virtal\u00e4hde: 12 V ja 24 V DC<\/p>\n<p>Mikrofoni: Elektreettityyppi, 6-napainen President-kytkenn\u00e4ll\u00e4<\/p>\n<p>OMINAISUUDET, TOIMINNOT JA TEKNISET TIEDOT<\/p>\n<p>Koko (mm): 180 (L) \u00d7 188 (S) \u00d7 51 (K)<\/p>\n<p>DIN-koko: \u2013<br \/>\nPaino: 1,5 kg<\/p>\n<p>Mukana toimitetaan:<\/p>\n<p>1 mikrofoni (UP\/DOWN) ja sen pidike<\/p>\n<p>1<br \/>\nasennusteline kiinnitysruuveineen<\/p>\n<p>1 DIN-asennuskehys<\/p>\n<p>Virtajohto sulakkeella<\/p>\n<p>Antenni\u00adliitin: SO-239<\/p>\n<p>Antennin impedanssi: 50 ohmia<\/p>\n<p>Moniasetukset: EU \/ U \/ D \/ PL \/ IN<\/p>\n<p>Kanavien m\u00e4\u00e4r\u00e4: 40<br \/>\nTaajuusalue: 26,965 \u2013 27,405 MHz<br \/>\nVirtal\u00e4hde: 13,2 V \/ 26,4 V<br \/>\nMikrofonin UP\/DOWN-toiminto: Kyll\u00e4 (aktivoi \/ deaktivoi<br \/>\n)<br \/>\nMikrofoniliitin: edess\u00e4 (6-napainen)<\/p>\n<p>Yhteensopivat mikrofonityypit: Elektreetti, dynaaminen<\/p>\n<p>Ulkoinen VOX-mikrofoniliit\u00e4nt\u00e4: kyll\u00e4<\/p>\n<p>Etukaiutin: kyll\u00e4<\/p>\n<p>Ulkoinen kaiutinliit\u00e4nt\u00e4: kyll\u00e4<\/p>\n<p>Vilkkuva kaiutin: kyll\u00e4<br \/>\nPA (yleis\u00e4\u00e4ni) -toiminto: kyll\u00e4<\/p>\n<p>Ulkoinen PA-liit\u00e4nt\u00e4: kyll\u00e4<br \/>\nUSB-liitin (etu): 5 V \/ 2,1 A<\/p>\n<p>N\u00e4ytt\u00f6: Monitoimi-LCD<br \/>\nHimmennin: kyll\u00e4<\/p>\n<p>Kanavan\u00e4ytt\u00f6: kyll\u00e4<\/p>\n<p>Taajuusn\u00e4ytt\u00f6: kyll\u00e4<br \/>\nS-mittari: Digitaalinen<\/p>\n<p>Modulaatiotilat: AM \/ FM<\/p>\n<p>\u00c4\u00e4nenvoimakkuus ja virtakytkin: kyll\u00e4<\/p>\n<p>Kohinasalpa (squelch): Manuaalinen<br \/>\nASC (automaattinen kohinasalpa): kyll\u00e4<br \/>\nKanavavalitsin: yl\u00f6s \/ alas<br \/>\nTilavalitsin: kyll\u00e4<\/p>\n<p>F \/ Menu -toiminton\u00e4pp\u00e4in: kyll\u00e4<\/p>\n<p>N\u00e4pp\u00e4in\u00e4\u00e4net: kytkett\u00e4viss\u00e4<\/p>\n<p>Roger-beep: kytkett\u00e4viss\u00e4<\/p>\n<p>N\u00e4pp\u00e4inlukko: kyll\u00e4<\/p>\n<p>Muisti: 5 kanavaa<\/p>\n<p>Kanava-esiasetukset: 2 (h\u00e4t\u00e4kanava ohjelmoitavissa)<\/p>\n<p>Kaksoiskuuntelu (Dual Watch): kyll\u00e4<\/p>\n<p>Skannaus: kanavat, muistikanavat<\/p>\n<p>Skannausohitus (Scan Skip): kyll\u00e4<\/p>\n<p>Talkback: kyll\u00e4<br \/>\nVOX (\u00e4\u00e4niohjaus): kyll\u00e4<\/p>\n<p>Automaattinen SWR-mittari: kyll\u00e4<br \/>\nSWR (teho-\/SWR-n\u00e4ytt\u00f6): kyll\u00e4<\/p>\n<p>TOT (l\u00e4hetysajastin): kyll\u00e4<br \/>\nSuotimet: ANL, NB, HI-CUT<br \/>\nNRC (melunvaimennus): kyll\u00e4<\/p>\n<p>Noise Gate: kyll\u00e4<\/p>\n<p>Lis\u00e4varusteiden \u00e4\u00e4nenvoimakkuus: s\u00e4\u00e4dett\u00e4viss\u00e4<\/p>\n<p>L\u00c4HETYS<\/p>\n<p>Taajuuspoikkeama: \u00b1200 Hz<br \/>\nKantataajuusteho: 4 W (AM\/FM)<br \/>\nL\u00e4hetysh\u00e4iri\u00f6t: < 4 nW (\u221254 dBm)\n\u00c4\u00e4nivaste: 300 Hz \u2013 3 kHz\nSivukanavan s\u00e4teily: < 20 \u03bcW\nMikrofonin herkkyys: 3 mV\nVirrankulutus:\n\n< 2 A modulaatiolla (13,2 V)\n\n< 1 A modulaatiolla (26,4 V)\nModulaation s\u00e4r\u00f6: 2 %\n\n\n\nVASTAANOTTO\n\n\n\nMaksimiherkkyys (20 dB sinad):\n\n0,5 \u00b5V (\u2212113 dBm) AM\n\n0,35 \u00b5V (\u2212116 dBm) FM\n\nTaajuusvaste: 300 Hz \u2013 3 kHz\nViereisen kanavan selektiivisyys: 60 dB\nMaksimi\u00e4\u00e4niteho: 3 W\nKohinasalvan herkkyys: min. 0,2 \u00b5V (\u2212120 dBm) \/ maks. 1 mV (\u221247 dBm)\nTaajuuskuvavirheen hyljint\u00e4: 60 dB\nV\u00e4litaajuuden hyljint\u00e4: 70 dB\nVirrankulutus:\n\n180\u2013500 mA maks. (13,2 V)\n\n90\u2013250 mA maks. (26,4 V)\n\n\n\nPAKKAUKSEN SIS\u00c4LT\u00d6\n\n\n1 kpl radiopuhelin (transceiver), mikrofoni jne.\n\n1 kpl asennusteline\n\n1 kpl DIN-asennuskehys\n\n1 kpl k\u00e4ytt\u00f6ohje (englanti, ranska, espanja, puola)\n<\/p>\n","protected":false},"excerpt":{"rendered":"<p>President JFK3 CB-mobiiliradio Sis\u00e4lt\u00e4\u00e4 DIN-asennus kehikon Vilkkuva kaiutin vastaanotossa (RX) ja l\u00e4hetyksess\u00e4 (TX) Monitaajuus \u2013 monistandardinen (10) Taajuusalue: 40 kanavaa (26,965 \u2013 27,405 MHz) Modulaatiotilat: AM \/ FM L\u00e4ht\u00f6teho: Max. 4 W (AM) \/ 4 W (FM) Virtal\u00e4hde: 12 V ja 24 V DC Mikrofoni: Elektreettityyppi, 6-napainen President-kytkenn\u00e4ll\u00e4 OMINAISUUDET, TOIMINNOT JA TEKNISET TIEDOT Koko (mm): [&hellip;]<\/p>\n","protected":false},"featured_media":14347,"template":"","meta":{"_uag_custom_page_level_css":""},"product_brand":[],"product_cat":[84],"product_tag":[],"class_list":{"0":"post-14333","1":"product","2":"type-product","3":"status-publish","4":"has-post-thumbnail","6":"product_cat-la-cb-mobiili-radiopuhelimet","8":"first","9":"onbackorder","10":"taxable","11":"shipping-taxable","12":"purchasable","13":"product-type-simple"},"yoast_head":"<!-- This site is optimized with the Yoast SEO plugin v27.4 - https:\/\/yoast.com\/product\/yoast-seo-wordpress\/ -->\n<title>President JFK 3 Transceiver - Bandercom<\/title>\n<meta name=\"robots\" content=\"index, follow, max-snippet:-1, max-image-preview:large, max-video-preview:-1\" \/>\n<link rel=\"canonical\" href=\"https:\/\/bander.com\/en\/tuotteet\/cb-mobile-radios\/president-jfk-3-transceiver\/\" \/>\n<meta property=\"og:locale\" content=\"en_US\" \/>\n<meta property=\"og:type\" content=\"article\" \/>\n<meta property=\"og:title\" content=\"President JFK 3 Transceiver - Bandercom\" \/>\n<meta property=\"og:description\" content=\"President JFK3 CB-mobiiliradio Sis\u00e4lt\u00e4\u00e4 DIN-asennus kehikon Vilkkuva kaiutin vastaanotossa (RX) ja l\u00e4hetyksess\u00e4 (TX) Monitaajuus \u2013 monistandardinen (10) Taajuusalue: 40 kanavaa (26,965 \u2013 27,405 MHz) Modulaatiotilat: AM \/ FM L\u00e4ht\u00f6teho: Max. 4 W (AM) \/ 4 W (FM) Virtal\u00e4hde: 12 V ja 24 V DC Mikrofoni: Elektreettityyppi, 6-napainen President-kytkenn\u00e4ll\u00e4 OMINAISUUDET, TOIMINNOT JA TEKNISET TIEDOT Koko (mm): [&hellip;]\" \/>\n<meta property=\"og:url\" content=\"https:\/\/bander.com\/en\/tuotteet\/cb-mobile-radios\/president-jfk-3-transceiver\/\" \/>\n<meta property=\"og:site_name\" content=\"Bandercom\" \/>\n<meta property=\"article:modified_time\" content=\"2025-10-16T09:37:12+00:00\" \/>\n<meta property=\"og:image\" content=\"https:\/\/bander.com\/wp-content\/uploads\/2025\/10\/jfkiii-yellow-1333.jpg\" \/>\n\t<meta property=\"og:image:width\" content=\"2000\" \/>\n\t<meta property=\"og:image:height\" content=\"2000\" \/>\n\t<meta property=\"og:image:type\" content=\"image\/jpeg\" \/>\n<meta name=\"twitter:card\" content=\"summary_large_image\" \/>\n<meta name=\"twitter:label1\" content=\"Est. reading time\" \/>\n\t<meta name=\"twitter:data1\" content=\"2 minutes\" \/>\n<script type=\"application\/ld+json\" class=\"yoast-schema-graph\">{\"@context\":\"https:\\\/\\\/schema.org\",\"@graph\":[{\"@type\":\"WebPage\",\"@id\":\"https:\\\/\\\/bander.com\\\/en\\\/tuotteet\\\/cb-mobile-radios\\\/president-jfk-3-transceiver\\\/\",\"url\":\"https:\\\/\\\/bander.com\\\/en\\\/tuotteet\\\/cb-mobile-radios\\\/president-jfk-3-transceiver\\\/\",\"name\":\"President JFK 3 Transceiver - Bandercom\",\"isPartOf\":{\"@id\":\"https:\\\/\\\/bander.com\\\/en\\\/#website\"},\"primaryImageOfPage\":{\"@id\":\"https:\\\/\\\/bander.com\\\/en\\\/tuotteet\\\/cb-mobile-radios\\\/president-jfk-3-transceiver\\\/#primaryimage\"},\"image\":{\"@id\":\"https:\\\/\\\/bander.com\\\/en\\\/tuotteet\\\/cb-mobile-radios\\\/president-jfk-3-transceiver\\\/#primaryimage\"},\"thumbnailUrl\":\"https:\\\/\\\/bander.com\\\/wp-content\\\/uploads\\\/2025\\\/10\\\/jfkiii-yellow-1333.jpg\",\"datePublished\":\"2025-10-16T09:35:36+00:00\",\"dateModified\":\"2025-10-16T09:37:12+00:00\",\"breadcrumb\":{\"@id\":\"https:\\\/\\\/bander.com\\\/en\\\/tuotteet\\\/cb-mobile-radios\\\/president-jfk-3-transceiver\\\/#breadcrumb\"},\"inLanguage\":\"en-US\",\"potentialAction\":[{\"@type\":\"ReadAction\",\"target\":[\"https:\\\/\\\/bander.com\\\/en\\\/tuotteet\\\/cb-mobile-radios\\\/president-jfk-3-transceiver\\\/\"]}]},{\"@type\":\"ImageObject\",\"inLanguage\":\"en-US\",\"@id\":\"https:\\\/\\\/bander.com\\\/en\\\/tuotteet\\\/cb-mobile-radios\\\/president-jfk-3-transceiver\\\/#primaryimage\",\"url\":\"https:\\\/\\\/bander.com\\\/wp-content\\\/uploads\\\/2025\\\/10\\\/jfkiii-yellow-1333.jpg\",\"contentUrl\":\"https:\\\/\\\/bander.com\\\/wp-content\\\/uploads\\\/2025\\\/10\\\/jfkiii-yellow-1333.jpg\",\"width\":2000,\"height\":2000},{\"@type\":\"BreadcrumbList\",\"@id\":\"https:\\\/\\\/bander.com\\\/en\\\/tuotteet\\\/cb-mobile-radios\\\/president-jfk-3-transceiver\\\/#breadcrumb\",\"itemListElement\":[{\"@type\":\"ListItem\",\"position\":1,\"name\":\"Etusivu\",\"item\":\"https:\\\/\\\/bander.com\\\/en\\\/\"},{\"@type\":\"ListItem\",\"position\":2,\"name\":\"Products\",\"item\":\"https:\\\/\\\/bander.com\\\/en\\\/shop\\\/\"},{\"@type\":\"ListItem\",\"position\":3,\"name\":\"President JFK 3 Transceiver\"}]},{\"@type\":\"WebSite\",\"@id\":\"https:\\\/\\\/bander.com\\\/en\\\/#website\",\"url\":\"https:\\\/\\\/bander.com\\\/en\\\/\",\"name\":\"Bandercom\",\"description\":\"Radiopuhelinverkkojen suunnittelu, rkonsultointi ja investoitikartoitukset, asennusty\u00f6t, radiopuhelimien vuokraus, radiopuhelimet, radiopuhelin, UHF, VHF\",\"publisher\":{\"@id\":\"https:\\\/\\\/bander.com\\\/en\\\/#organization\"},\"potentialAction\":[{\"@type\":\"SearchAction\",\"target\":{\"@type\":\"EntryPoint\",\"urlTemplate\":\"https:\\\/\\\/bander.com\\\/en\\\/?s={search_term_string}\"},\"query-input\":{\"@type\":\"PropertyValueSpecification\",\"valueRequired\":true,\"valueName\":\"search_term_string\"}}],\"inLanguage\":\"en-US\"},{\"@type\":\"Organization\",\"@id\":\"https:\\\/\\\/bander.com\\\/en\\\/#organization\",\"name\":\"Bandercom\",\"url\":\"https:\\\/\\\/bander.com\\\/en\\\/\",\"logo\":{\"@type\":\"ImageObject\",\"inLanguage\":\"en-US\",\"@id\":\"https:\\\/\\\/bander.com\\\/en\\\/#\\\/schema\\\/logo\\\/image\\\/\",\"url\":\"https:\\\/\\\/bander.com\\\/wp-content\\\/uploads\\\/2024\\\/09\\\/bandercom-logo.png\",\"contentUrl\":\"https:\\\/\\\/bander.com\\\/wp-content\\\/uploads\\\/2024\\\/09\\\/bandercom-logo.png\",\"width\":300,\"height\":52,\"caption\":\"Bandercom\"},\"image\":{\"@id\":\"https:\\\/\\\/bander.com\\\/en\\\/#\\\/schema\\\/logo\\\/image\\\/\"}}]}<\/script>\n<!-- \/ Yoast SEO plugin. -->","yoast_head_json":{"title":"President JFK 3 Transceiver - Bandercom","robots":{"index":"index","follow":"follow","max-snippet":"max-snippet:-1","max-image-preview":"max-image-preview:large","max-video-preview":"max-video-preview:-1"},"canonical":"https:\/\/bander.com\/en\/tuotteet\/cb-mobile-radios\/president-jfk-3-transceiver\/","og_locale":"en_US","og_type":"article","og_title":"President JFK 3 Transceiver - Bandercom","og_description":"President JFK3 CB-mobiiliradio Sis\u00e4lt\u00e4\u00e4 DIN-asennus kehikon Vilkkuva kaiutin vastaanotossa (RX) ja l\u00e4hetyksess\u00e4 (TX) Monitaajuus \u2013 monistandardinen (10) Taajuusalue: 40 kanavaa (26,965 \u2013 27,405 MHz) Modulaatiotilat: AM \/ FM L\u00e4ht\u00f6teho: Max. 4 W (AM) \/ 4 W (FM) Virtal\u00e4hde: 12 V ja 24 V DC Mikrofoni: Elektreettityyppi, 6-napainen President-kytkenn\u00e4ll\u00e4 OMINAISUUDET, TOIMINNOT JA TEKNISET TIEDOT Koko (mm): [&hellip;]","og_url":"https:\/\/bander.com\/en\/tuotteet\/cb-mobile-radios\/president-jfk-3-transceiver\/","og_site_name":"Bandercom","article_modified_time":"2025-10-16T09:37:12+00:00","og_image":[{"width":2000,"height":2000,"url":"https:\/\/bander.com\/wp-content\/uploads\/2025\/10\/jfkiii-yellow-1333.jpg","type":"image\/jpeg"}],"twitter_card":"summary_large_image","twitter_misc":{"Est. reading time":"2 minutes"},"schema":{"@context":"https:\/\/schema.org","@graph":[{"@type":"WebPage","@id":"https:\/\/bander.com\/en\/tuotteet\/cb-mobile-radios\/president-jfk-3-transceiver\/","url":"https:\/\/bander.com\/en\/tuotteet\/cb-mobile-radios\/president-jfk-3-transceiver\/","name":"President JFK 3 Transceiver - Bandercom","isPartOf":{"@id":"https:\/\/bander.com\/en\/#website"},"primaryImageOfPage":{"@id":"https:\/\/bander.com\/en\/tuotteet\/cb-mobile-radios\/president-jfk-3-transceiver\/#primaryimage"},"image":{"@id":"https:\/\/bander.com\/en\/tuotteet\/cb-mobile-radios\/president-jfk-3-transceiver\/#primaryimage"},"thumbnailUrl":"https:\/\/bander.com\/wp-content\/uploads\/2025\/10\/jfkiii-yellow-1333.jpg","datePublished":"2025-10-16T09:35:36+00:00","dateModified":"2025-10-16T09:37:12+00:00","breadcrumb":{"@id":"https:\/\/bander.com\/en\/tuotteet\/cb-mobile-radios\/president-jfk-3-transceiver\/#breadcrumb"},"inLanguage":"en-US","potentialAction":[{"@type":"ReadAction","target":["https:\/\/bander.com\/en\/tuotteet\/cb-mobile-radios\/president-jfk-3-transceiver\/"]}]},{"@type":"ImageObject","inLanguage":"en-US","@id":"https:\/\/bander.com\/en\/tuotteet\/cb-mobile-radios\/president-jfk-3-transceiver\/#primaryimage","url":"https:\/\/bander.com\/wp-content\/uploads\/2025\/10\/jfkiii-yellow-1333.jpg","contentUrl":"https:\/\/bander.com\/wp-content\/uploads\/2025\/10\/jfkiii-yellow-1333.jpg","width":2000,"height":2000},{"@type":"BreadcrumbList","@id":"https:\/\/bander.com\/en\/tuotteet\/cb-mobile-radios\/president-jfk-3-transceiver\/#breadcrumb","itemListElement":[{"@type":"ListItem","position":1,"name":"Etusivu","item":"https:\/\/bander.com\/en\/"},{"@type":"ListItem","position":2,"name":"Products","item":"https:\/\/bander.com\/en\/shop\/"},{"@type":"ListItem","position":3,"name":"President JFK 3 Transceiver"}]},{"@type":"WebSite","@id":"https:\/\/bander.com\/en\/#website","url":"https:\/\/bander.com\/en\/","name":"Bandercom","description":"Radiopuhelinverkkojen suunnittelu, rkonsultointi ja investoitikartoitukset, asennusty\u00f6t, radiopuhelimien vuokraus, radiopuhelimet, radiopuhelin, UHF, VHF","publisher":{"@id":"https:\/\/bander.com\/en\/#organization"},"potentialAction":[{"@type":"SearchAction","target":{"@type":"EntryPoint","urlTemplate":"https:\/\/bander.com\/en\/?s={search_term_string}"},"query-input":{"@type":"PropertyValueSpecification","valueRequired":true,"valueName":"search_term_string"}}],"inLanguage":"en-US"},{"@type":"Organization","@id":"https:\/\/bander.com\/en\/#organization","name":"Bandercom","url":"https:\/\/bander.com\/en\/","logo":{"@type":"ImageObject","inLanguage":"en-US","@id":"https:\/\/bander.com\/en\/#\/schema\/logo\/image\/","url":"https:\/\/bander.com\/wp-content\/uploads\/2024\/09\/bandercom-logo.png","contentUrl":"https:\/\/bander.com\/wp-content\/uploads\/2024\/09\/bandercom-logo.png","width":300,"height":52,"caption":"Bandercom"},"image":{"@id":"https:\/\/bander.com\/en\/#\/schema\/logo\/image\/"}}]}},"uagb_featured_image_src":{"full":["https:\/\/bander.com\/wp-content\/uploads\/2025\/10\/jfkiii-yellow-1333.jpg",2000,2000,false],"thumbnail":["https:\/\/bander.com\/wp-content\/uploads\/2025\/10\/jfkiii-yellow-1333-150x150.jpg",150,150,true],"medium":["https:\/\/bander.com\/wp-content\/uploads\/2025\/10\/jfkiii-yellow-1333-300x300.jpg",300,300,true],"medium_large":["https:\/\/bander.com\/wp-content\/uploads\/2025\/10\/jfkiii-yellow-1333-768x768.jpg",768,768,true],"large":["https:\/\/bander.com\/wp-content\/uploads\/2025\/10\/jfkiii-yellow-1333-1024x1024.jpg",980,980,true],"1536x1536":["https:\/\/bander.com\/wp-content\/uploads\/2025\/10\/jfkiii-yellow-1333-1536x1536.jpg",1536,1536,true],"2048x2048":["https:\/\/bander.com\/wp-content\/uploads\/2025\/10\/jfkiii-yellow-1333.jpg",2000,2000,false],"woocommerce_thumbnail":["https:\/\/bander.com\/wp-content\/uploads\/2025\/10\/jfkiii-yellow-1333-324x324.jpg",324,324,true],"woocommerce_single":["https:\/\/bander.com\/wp-content\/uploads\/2025\/10\/jfkiii-yellow-1333-416x416.jpg",416,416,true],"woocommerce_gallery_thumbnail":["https:\/\/bander.com\/wp-content\/uploads\/2025\/10\/jfkiii-yellow-1333-100x100.jpg",100,100,true]},"uagb_author_info":{"display_name":"Sami Alatalo","author_link":"https:\/\/bander.com\/en\/author\/"},"uagb_comment_info":0,"uagb_excerpt":"President JFK3 CB-mobiiliradio Sis\u00e4lt\u00e4\u00e4 DIN-asennus kehikon Vilkkuva kaiutin vastaanotossa (RX) ja l\u00e4hetyksess\u00e4 (TX) Monitaajuus \u2013 monistandardinen (10) Taajuusalue: 40 kanavaa (26,965 \u2013 27,405 MHz) Modulaatiotilat: AM \/ FM L\u00e4ht\u00f6teho: Max. 4 W (AM) \/ 4 W (FM) Virtal\u00e4hde: 12 V ja 24 V DC Mikrofoni: Elektreettityyppi, 6-napainen President-kytkenn\u00e4ll\u00e4 OMINAISUUDET, TOIMINNOT JA TEKNISET TIEDOT Koko (mm):&hellip;","_links":{"self":[{"href":"https:\/\/bander.com\/en\/wp-json\/wp\/v2\/product\/14333","targetHints":{"allow":["GET"]}}],"collection":[{"href":"https:\/\/bander.com\/en\/wp-json\/wp\/v2\/product"}],"about":[{"href":"https:\/\/bander.com\/en\/wp-json\/wp\/v2\/types\/product"}],"wp:featuredmedia":[{"embeddable":true,"href":"https:\/\/bander.com\/en\/wp-json\/wp\/v2\/media\/14347"}],"wp:attachment":[{"href":"https:\/\/bander.com\/en\/wp-json\/wp\/v2\/media?parent=14333"}],"wp:term":[{"taxonomy":"product_brand","embeddable":true,"href":"https:\/\/bander.com\/en\/wp-json\/wp\/v2\/product_brand?post=14333"},{"taxonomy":"product_cat","embeddable":true,"href":"https:\/\/bander.com\/en\/wp-json\/wp\/v2\/product_cat?post=14333"},{"taxonomy":"product_tag","embeddable":true,"href":"https:\/\/bander.com\/en\/wp-json\/wp\/v2\/product_tag?post=14333"}],"curies":[{"name":"wp","href":"https:\/\/api.w.org\/{rel}","templated":true}]}}