{"id":12970,"date":"2025-09-30T10:03:14","date_gmt":"2025-09-30T07:03:14","guid":{"rendered":"https:\/\/bander.com\/tuotteet\/Ei-luokiteltu\/hytera-ch10l30-charger-base\/"},"modified":"2025-09-30T13:47:03","modified_gmt":"2025-09-30T10:47:03","slug":"hytera-ch10l30-charger-base","status":"publish","type":"product","link":"https:\/\/bander.com\/en\/tuotteet\/hytera-chargers\/hytera-ch10l30-charger-base\/","title":{"rendered":"Hytera CH10L30 charger base"},"content":{"rendered":"<p>Tekniset tiedot<\/p>\n<p>Mitat (mm)<br \/>\n77,4 x 77,1 x 46,0<\/p>\n<p>Paino<br \/>\n noin 70 g<\/p>\n<p>Laturin tyyppi<br \/>\n Yksitt\u00e4inen p\u00f6yt\u00e4laturi<\/p>\n<p>Max. latausvirta<br \/>\n1000 mA<\/p>\n<p>Sy\u00f6te<br \/>\n12 V DC \/ 1 A<\/p>\n<p>K\u00e4ytt\u00f6l\u00e4mp\u00f6tila<br \/>\n0 \u00b0C &#8211; 45 \u00b0C<\/p>\n<p>Sertifiointi<br \/>\nCE<\/p>\n<p>Sopii radioille HP505, HP565<br \/>\nHP605, HP685, HP705, HP785 (vain tavalliselle akulle, ei \u00e4lyakuille)<\/p>\n<p>Tekniset tiedot<br \/>\nMitat (mm)<br \/>\n77,4 x 77,1 x 46,0<br \/>\nPaino<br \/>\nnoin 70 g<br \/>\nLaturin tyyppi<br \/>\nYksitt\u00e4inen p\u00f6yt\u00e4laturi<br \/>\nMax. latausvirta<br \/>\n1000 mA<br \/>\nSy\u00f6te<br \/>\n12 V DC \/ 1 A<br \/>\nK\u00e4ytt\u00f6l\u00e4mp\u00f6tila<br \/>\n0 \u00b0C &#8211; 45 \u00b0C<br \/>\nSertifiointi<br \/>\nCE<br \/>\nSopivat radiot<br \/>\nHP505, HP565<br \/>\nHP605, HP685, HP705, HP785 (vain tavalliselle akulle, ei \u00e4lyakuille)<\/p>\n<p>Virtal\u00e4hde PS1044 hankittava erikseen<\/p>\n","protected":false},"excerpt":{"rendered":"<p>Tekniset tiedot Mitat (mm) 77,4 x 77,1 x 46,0 Paino noin 70 g Laturin tyyppi Yksitt\u00e4inen p\u00f6yt\u00e4laturi Max. latausvirta 1000 mA Sy\u00f6te 12 V DC \/ 1 A K\u00e4ytt\u00f6l\u00e4mp\u00f6tila 0 \u00b0C &#8211; 45 \u00b0C Sertifiointi CE Sopii radioille HP505, HP565 HP605, HP685, HP705, HP785 (vain tavalliselle akulle, ei \u00e4lyakuille) Tekniset tiedot Mitat (mm) 77,4 x [&hellip;]<\/p>\n","protected":false},"featured_media":13138,"template":"","meta":{"_uag_custom_page_level_css":""},"product_brand":[],"product_cat":[89],"product_tag":[],"class_list":{"0":"post-12970","1":"product","2":"type-product","3":"status-publish","4":"has-post-thumbnail","6":"product_cat-hytera-laturit","8":"first","9":"instock","10":"taxable","11":"shipping-taxable","12":"purchasable","13":"product-type-simple"},"yoast_head":"<!-- This site is optimized with the Yoast SEO plugin v27.4 - https:\/\/yoast.com\/product\/yoast-seo-wordpress\/ -->\n<title>Hytera CH10L30 charger base - Bandercom<\/title>\n<meta name=\"robots\" content=\"index, follow, max-snippet:-1, max-image-preview:large, max-video-preview:-1\" \/>\n<link rel=\"canonical\" href=\"https:\/\/bander.com\/en\/tuotteet\/hytera-chargers\/hytera-ch10l30-charger-base\/\" \/>\n<meta property=\"og:locale\" content=\"en_US\" \/>\n<meta property=\"og:type\" content=\"article\" \/>\n<meta property=\"og:title\" content=\"Hytera CH10L30 charger base - Bandercom\" \/>\n<meta property=\"og:description\" content=\"Tekniset tiedot Mitat (mm) 77,4 x 77,1 x 46,0 Paino noin 70 g Laturin tyyppi Yksitt\u00e4inen p\u00f6yt\u00e4laturi Max. latausvirta 1000 mA Sy\u00f6te 12 V DC \/ 1 A K\u00e4ytt\u00f6l\u00e4mp\u00f6tila 0 \u00b0C &#8211; 45 \u00b0C Sertifiointi CE Sopii radioille HP505, HP565 HP605, HP685, HP705, HP785 (vain tavalliselle akulle, ei \u00e4lyakuille) Tekniset tiedot Mitat (mm) 77,4 x [&hellip;]\" \/>\n<meta property=\"og:url\" content=\"https:\/\/bander.com\/en\/tuotteet\/hytera-chargers\/hytera-ch10l30-charger-base\/\" \/>\n<meta property=\"og:site_name\" content=\"Bandercom\" \/>\n<meta property=\"article:modified_time\" content=\"2025-09-30T10:47:03+00:00\" \/>\n<meta property=\"og:image\" content=\"https:\/\/bander.com\/wp-content\/uploads\/2025\/09\/CH10L30.png\" \/>\n\t<meta property=\"og:image:width\" content=\"1024\" \/>\n\t<meta property=\"og:image:height\" content=\"576\" \/>\n\t<meta property=\"og:image:type\" content=\"image\/png\" \/>\n<meta name=\"twitter:card\" content=\"summary_large_image\" \/>\n<meta name=\"twitter:label1\" content=\"Est. reading time\" \/>\n\t<meta name=\"twitter:data1\" content=\"1 minute\" \/>\n<script type=\"application\/ld+json\" class=\"yoast-schema-graph\">{\"@context\":\"https:\\\/\\\/schema.org\",\"@graph\":[{\"@type\":\"WebPage\",\"@id\":\"https:\\\/\\\/bander.com\\\/en\\\/tuotteet\\\/hytera-chargers\\\/hytera-ch10l30-charger-base\\\/\",\"url\":\"https:\\\/\\\/bander.com\\\/en\\\/tuotteet\\\/hytera-chargers\\\/hytera-ch10l30-charger-base\\\/\",\"name\":\"Hytera CH10L30 charger base - Bandercom\",\"isPartOf\":{\"@id\":\"https:\\\/\\\/bander.com\\\/en\\\/#website\"},\"primaryImageOfPage\":{\"@id\":\"https:\\\/\\\/bander.com\\\/en\\\/tuotteet\\\/hytera-chargers\\\/hytera-ch10l30-charger-base\\\/#primaryimage\"},\"image\":{\"@id\":\"https:\\\/\\\/bander.com\\\/en\\\/tuotteet\\\/hytera-chargers\\\/hytera-ch10l30-charger-base\\\/#primaryimage\"},\"thumbnailUrl\":\"https:\\\/\\\/bander.com\\\/wp-content\\\/uploads\\\/2025\\\/09\\\/CH10L30.png\",\"datePublished\":\"2025-09-30T07:03:14+00:00\",\"dateModified\":\"2025-09-30T10:47:03+00:00\",\"breadcrumb\":{\"@id\":\"https:\\\/\\\/bander.com\\\/en\\\/tuotteet\\\/hytera-chargers\\\/hytera-ch10l30-charger-base\\\/#breadcrumb\"},\"inLanguage\":\"en-US\",\"potentialAction\":[{\"@type\":\"ReadAction\",\"target\":[\"https:\\\/\\\/bander.com\\\/en\\\/tuotteet\\\/hytera-chargers\\\/hytera-ch10l30-charger-base\\\/\"]}]},{\"@type\":\"ImageObject\",\"inLanguage\":\"en-US\",\"@id\":\"https:\\\/\\\/bander.com\\\/en\\\/tuotteet\\\/hytera-chargers\\\/hytera-ch10l30-charger-base\\\/#primaryimage\",\"url\":\"https:\\\/\\\/bander.com\\\/wp-content\\\/uploads\\\/2025\\\/09\\\/CH10L30.png\",\"contentUrl\":\"https:\\\/\\\/bander.com\\\/wp-content\\\/uploads\\\/2025\\\/09\\\/CH10L30.png\",\"width\":1024,\"height\":576},{\"@type\":\"BreadcrumbList\",\"@id\":\"https:\\\/\\\/bander.com\\\/en\\\/tuotteet\\\/hytera-chargers\\\/hytera-ch10l30-charger-base\\\/#breadcrumb\",\"itemListElement\":[{\"@type\":\"ListItem\",\"position\":1,\"name\":\"Etusivu\",\"item\":\"https:\\\/\\\/bander.com\\\/en\\\/\"},{\"@type\":\"ListItem\",\"position\":2,\"name\":\"Products\",\"item\":\"https:\\\/\\\/bander.com\\\/en\\\/shop\\\/\"},{\"@type\":\"ListItem\",\"position\":3,\"name\":\"Hytera CH10L30 charger base\"}]},{\"@type\":\"WebSite\",\"@id\":\"https:\\\/\\\/bander.com\\\/en\\\/#website\",\"url\":\"https:\\\/\\\/bander.com\\\/en\\\/\",\"name\":\"Bandercom\",\"description\":\"Radiopuhelinverkkojen suunnittelu, rkonsultointi ja investoitikartoitukset, asennusty\u00f6t, radiopuhelimien vuokraus, radiopuhelimet, radiopuhelin, UHF, VHF\",\"publisher\":{\"@id\":\"https:\\\/\\\/bander.com\\\/en\\\/#organization\"},\"potentialAction\":[{\"@type\":\"SearchAction\",\"target\":{\"@type\":\"EntryPoint\",\"urlTemplate\":\"https:\\\/\\\/bander.com\\\/en\\\/?s={search_term_string}\"},\"query-input\":{\"@type\":\"PropertyValueSpecification\",\"valueRequired\":true,\"valueName\":\"search_term_string\"}}],\"inLanguage\":\"en-US\"},{\"@type\":\"Organization\",\"@id\":\"https:\\\/\\\/bander.com\\\/en\\\/#organization\",\"name\":\"Bandercom\",\"url\":\"https:\\\/\\\/bander.com\\\/en\\\/\",\"logo\":{\"@type\":\"ImageObject\",\"inLanguage\":\"en-US\",\"@id\":\"https:\\\/\\\/bander.com\\\/en\\\/#\\\/schema\\\/logo\\\/image\\\/\",\"url\":\"https:\\\/\\\/bander.com\\\/wp-content\\\/uploads\\\/2024\\\/09\\\/bandercom-logo.png\",\"contentUrl\":\"https:\\\/\\\/bander.com\\\/wp-content\\\/uploads\\\/2024\\\/09\\\/bandercom-logo.png\",\"width\":300,\"height\":52,\"caption\":\"Bandercom\"},\"image\":{\"@id\":\"https:\\\/\\\/bander.com\\\/en\\\/#\\\/schema\\\/logo\\\/image\\\/\"}}]}<\/script>\n<!-- \/ Yoast SEO plugin. -->","yoast_head_json":{"title":"Hytera CH10L30 charger base - Bandercom","robots":{"index":"index","follow":"follow","max-snippet":"max-snippet:-1","max-image-preview":"max-image-preview:large","max-video-preview":"max-video-preview:-1"},"canonical":"https:\/\/bander.com\/en\/tuotteet\/hytera-chargers\/hytera-ch10l30-charger-base\/","og_locale":"en_US","og_type":"article","og_title":"Hytera CH10L30 charger base - Bandercom","og_description":"Tekniset tiedot Mitat (mm) 77,4 x 77,1 x 46,0 Paino noin 70 g Laturin tyyppi Yksitt\u00e4inen p\u00f6yt\u00e4laturi Max. latausvirta 1000 mA Sy\u00f6te 12 V DC \/ 1 A K\u00e4ytt\u00f6l\u00e4mp\u00f6tila 0 \u00b0C &#8211; 45 \u00b0C Sertifiointi CE Sopii radioille HP505, HP565 HP605, HP685, HP705, HP785 (vain tavalliselle akulle, ei \u00e4lyakuille) Tekniset tiedot Mitat (mm) 77,4 x [&hellip;]","og_url":"https:\/\/bander.com\/en\/tuotteet\/hytera-chargers\/hytera-ch10l30-charger-base\/","og_site_name":"Bandercom","article_modified_time":"2025-09-30T10:47:03+00:00","og_image":[{"width":1024,"height":576,"url":"https:\/\/bander.com\/wp-content\/uploads\/2025\/09\/CH10L30.png","type":"image\/png"}],"twitter_card":"summary_large_image","twitter_misc":{"Est. reading time":"1 minute"},"schema":{"@context":"https:\/\/schema.org","@graph":[{"@type":"WebPage","@id":"https:\/\/bander.com\/en\/tuotteet\/hytera-chargers\/hytera-ch10l30-charger-base\/","url":"https:\/\/bander.com\/en\/tuotteet\/hytera-chargers\/hytera-ch10l30-charger-base\/","name":"Hytera CH10L30 charger base - Bandercom","isPartOf":{"@id":"https:\/\/bander.com\/en\/#website"},"primaryImageOfPage":{"@id":"https:\/\/bander.com\/en\/tuotteet\/hytera-chargers\/hytera-ch10l30-charger-base\/#primaryimage"},"image":{"@id":"https:\/\/bander.com\/en\/tuotteet\/hytera-chargers\/hytera-ch10l30-charger-base\/#primaryimage"},"thumbnailUrl":"https:\/\/bander.com\/wp-content\/uploads\/2025\/09\/CH10L30.png","datePublished":"2025-09-30T07:03:14+00:00","dateModified":"2025-09-30T10:47:03+00:00","breadcrumb":{"@id":"https:\/\/bander.com\/en\/tuotteet\/hytera-chargers\/hytera-ch10l30-charger-base\/#breadcrumb"},"inLanguage":"en-US","potentialAction":[{"@type":"ReadAction","target":["https:\/\/bander.com\/en\/tuotteet\/hytera-chargers\/hytera-ch10l30-charger-base\/"]}]},{"@type":"ImageObject","inLanguage":"en-US","@id":"https:\/\/bander.com\/en\/tuotteet\/hytera-chargers\/hytera-ch10l30-charger-base\/#primaryimage","url":"https:\/\/bander.com\/wp-content\/uploads\/2025\/09\/CH10L30.png","contentUrl":"https:\/\/bander.com\/wp-content\/uploads\/2025\/09\/CH10L30.png","width":1024,"height":576},{"@type":"BreadcrumbList","@id":"https:\/\/bander.com\/en\/tuotteet\/hytera-chargers\/hytera-ch10l30-charger-base\/#breadcrumb","itemListElement":[{"@type":"ListItem","position":1,"name":"Etusivu","item":"https:\/\/bander.com\/en\/"},{"@type":"ListItem","position":2,"name":"Products","item":"https:\/\/bander.com\/en\/shop\/"},{"@type":"ListItem","position":3,"name":"Hytera CH10L30 charger base"}]},{"@type":"WebSite","@id":"https:\/\/bander.com\/en\/#website","url":"https:\/\/bander.com\/en\/","name":"Bandercom","description":"Radiopuhelinverkkojen suunnittelu, rkonsultointi ja investoitikartoitukset, asennusty\u00f6t, radiopuhelimien vuokraus, radiopuhelimet, radiopuhelin, UHF, VHF","publisher":{"@id":"https:\/\/bander.com\/en\/#organization"},"potentialAction":[{"@type":"SearchAction","target":{"@type":"EntryPoint","urlTemplate":"https:\/\/bander.com\/en\/?s={search_term_string}"},"query-input":{"@type":"PropertyValueSpecification","valueRequired":true,"valueName":"search_term_string"}}],"inLanguage":"en-US"},{"@type":"Organization","@id":"https:\/\/bander.com\/en\/#organization","name":"Bandercom","url":"https:\/\/bander.com\/en\/","logo":{"@type":"ImageObject","inLanguage":"en-US","@id":"https:\/\/bander.com\/en\/#\/schema\/logo\/image\/","url":"https:\/\/bander.com\/wp-content\/uploads\/2024\/09\/bandercom-logo.png","contentUrl":"https:\/\/bander.com\/wp-content\/uploads\/2024\/09\/bandercom-logo.png","width":300,"height":52,"caption":"Bandercom"},"image":{"@id":"https:\/\/bander.com\/en\/#\/schema\/logo\/image\/"}}]}},"uagb_featured_image_src":{"full":["https:\/\/bander.com\/wp-content\/uploads\/2025\/09\/CH10L30.png",1024,576,false],"thumbnail":["https:\/\/bander.com\/wp-content\/uploads\/2025\/09\/CH10L30-150x150.png",150,150,true],"medium":["https:\/\/bander.com\/wp-content\/uploads\/2025\/09\/CH10L30-300x169.png",300,169,true],"medium_large":["https:\/\/bander.com\/wp-content\/uploads\/2025\/09\/CH10L30-768x432.png",768,432,true],"large":["https:\/\/bander.com\/wp-content\/uploads\/2025\/09\/CH10L30.png",980,551,false],"1536x1536":["https:\/\/bander.com\/wp-content\/uploads\/2025\/09\/CH10L30.png",1024,576,false],"2048x2048":["https:\/\/bander.com\/wp-content\/uploads\/2025\/09\/CH10L30.png",1024,576,false],"woocommerce_thumbnail":["https:\/\/bander.com\/wp-content\/uploads\/2025\/09\/CH10L30-324x324.png",324,324,true],"woocommerce_single":["https:\/\/bander.com\/wp-content\/uploads\/2025\/09\/CH10L30-416x234.png",416,234,true],"woocommerce_gallery_thumbnail":["https:\/\/bander.com\/wp-content\/uploads\/2025\/09\/CH10L30-100x100.png",100,100,true]},"uagb_author_info":{"display_name":"lemonshop@lemonsoft.fi","author_link":"https:\/\/bander.com\/en\/author\/"},"uagb_comment_info":0,"uagb_excerpt":"Tekniset tiedot Mitat (mm) 77,4 x 77,1 x 46,0 Paino noin 70 g Laturin tyyppi Yksitt\u00e4inen p\u00f6yt\u00e4laturi Max. latausvirta 1000 mA Sy\u00f6te 12 V DC \/ 1 A K\u00e4ytt\u00f6l\u00e4mp\u00f6tila 0 \u00b0C &#8211; 45 \u00b0C Sertifiointi CE Sopii radioille HP505, HP565 HP605, HP685, HP705, HP785 (vain tavalliselle akulle, ei \u00e4lyakuille) Tekniset tiedot Mitat (mm) 77,4 x&hellip;","_links":{"self":[{"href":"https:\/\/bander.com\/en\/wp-json\/wp\/v2\/product\/12970","targetHints":{"allow":["GET"]}}],"collection":[{"href":"https:\/\/bander.com\/en\/wp-json\/wp\/v2\/product"}],"about":[{"href":"https:\/\/bander.com\/en\/wp-json\/wp\/v2\/types\/product"}],"wp:featuredmedia":[{"embeddable":true,"href":"https:\/\/bander.com\/en\/wp-json\/wp\/v2\/media\/13138"}],"wp:attachment":[{"href":"https:\/\/bander.com\/en\/wp-json\/wp\/v2\/media?parent=12970"}],"wp:term":[{"taxonomy":"product_brand","embeddable":true,"href":"https:\/\/bander.com\/en\/wp-json\/wp\/v2\/product_brand?post=12970"},{"taxonomy":"product_cat","embeddable":true,"href":"https:\/\/bander.com\/en\/wp-json\/wp\/v2\/product_cat?post=12970"},{"taxonomy":"product_tag","embeddable":true,"href":"https:\/\/bander.com\/en\/wp-json\/wp\/v2\/product_tag?post=12970"}],"curies":[{"name":"wp","href":"https:\/\/api.w.org\/{rel}","templated":true}]}}