{"id":10085,"date":"2025-08-21T09:05:19","date_gmt":"2025-08-21T06:05:19","guid":{"rendered":"https:\/\/bander.com\/tuotteet\/Ei-luokiteltu\/hytera-bd505-lf-pmr446\/"},"modified":"2025-10-17T11:26:55","modified_gmt":"2025-10-17T08:26:55","slug":"hytera-bd505-lf-pmr446","status":"publish","type":"product","link":"https:\/\/bander.com\/en\/tuotteet\/uhf-handheld-radios\/hytera-bd505-lf-pmr446\/","title":{"rendered":"Hytera BD505 LF PMR446"},"content":{"rendered":"<p>Kuvaus:<\/p>\n<p>Hyteran valmistama kest\u00e4v\u00e4 ja kevyt lupavapaa PMR446 radiopuhelin p\u00e4ivitt\u00e4iseen k\u00e4ytt\u00f6\u00f6n. Sopii hyvin myym\u00e4l\u00e4ty\u00f6skentelyyn, varastoihin, turvallisuusalalle ja teollisuuden tarpeisiin.<\/p>\n<p>Mitat 108\u00d754\u00d729mm ja paino 227g.<\/p>\n<p>3,7 V k\u00e4ytt\u00f6j\u00e4nnite<\/p>\n<p>1500mAh akku (saatavissa 2000mAh tehoakulla)<\/p>\n<p>Tuotetiedot<br \/>\nMitat 108\u00d754\u00d729mm ja paino 227g.<br \/>\nIP luokitus: 57<\/p>\n<p>Myyntipakkaus sis\u00e4lt\u00e4\u00e4:<br \/>\nBD-505 Radio<br \/>\nakku (1500mAh)<br \/>\nantenni<br \/>\nvy\u00f6klipsi<br \/>\nrannelenkki<\/p>\n<p>Latauslaite hankittava erikseen:<br \/>\nyksitt\u00e4islaturi (CH10L23 + PS1044)<br \/>\nmultilaturi 6:lle radiolle (MCL19 tai MCL19EQR)<\/p>\n","protected":false},"excerpt":{"rendered":"<p>Kuvaus: Hyteran valmistama kest\u00e4v\u00e4 ja kevyt lupavapaa PMR446 radiopuhelin p\u00e4ivitt\u00e4iseen k\u00e4ytt\u00f6\u00f6n. Sopii hyvin myym\u00e4l\u00e4ty\u00f6skentelyyn, varastoihin, turvallisuusalalle ja teollisuuden tarpeisiin. Mitat 108\u00d754\u00d729mm ja paino 227g. 3,7 V k\u00e4ytt\u00f6j\u00e4nnite 1500mAh akku (saatavissa 2000mAh tehoakulla) Tuotetiedot Mitat 108\u00d754\u00d729mm ja paino 227g. IP luokitus: 57 Myyntipakkaus sis\u00e4lt\u00e4\u00e4: BD-505 Radio akku (1500mAh) antenni vy\u00f6klipsi rannelenkki Latauslaite hankittava erikseen: yksitt\u00e4islaturi (CH10L23 [&hellip;]<\/p>\n","protected":false},"featured_media":14561,"template":"","meta":{"_uag_custom_page_level_css":""},"product_brand":[],"product_cat":[138],"product_tag":[],"class_list":{"0":"post-10085","1":"product","2":"type-product","3":"status-publish","4":"has-post-thumbnail","6":"product_cat-uhf-kasiradiopuhelimet","8":"first","9":"onbackorder","10":"taxable","11":"shipping-taxable","12":"purchasable","13":"product-type-simple"},"yoast_head":"<!-- This site is optimized with the Yoast SEO plugin v27.4 - https:\/\/yoast.com\/product\/yoast-seo-wordpress\/ -->\n<title>Hytera BD505 LF PMR446 - Bandercom<\/title>\n<meta name=\"robots\" content=\"index, follow, max-snippet:-1, max-image-preview:large, max-video-preview:-1\" \/>\n<link rel=\"canonical\" href=\"https:\/\/bander.com\/en\/tuotteet\/uhf-handheld-radios\/hytera-bd505-lf-pmr446\/\" \/>\n<meta property=\"og:locale\" content=\"en_US\" \/>\n<meta property=\"og:type\" content=\"article\" \/>\n<meta property=\"og:title\" content=\"Hytera BD505 LF PMR446 - Bandercom\" \/>\n<meta property=\"og:description\" content=\"Kuvaus: Hyteran valmistama kest\u00e4v\u00e4 ja kevyt lupavapaa PMR446 radiopuhelin p\u00e4ivitt\u00e4iseen k\u00e4ytt\u00f6\u00f6n. Sopii hyvin myym\u00e4l\u00e4ty\u00f6skentelyyn, varastoihin, turvallisuusalalle ja teollisuuden tarpeisiin. Mitat 108\u00d754\u00d729mm ja paino 227g. 3,7 V k\u00e4ytt\u00f6j\u00e4nnite 1500mAh akku (saatavissa 2000mAh tehoakulla) Tuotetiedot Mitat 108\u00d754\u00d729mm ja paino 227g. IP luokitus: 57 Myyntipakkaus sis\u00e4lt\u00e4\u00e4: BD-505 Radio akku (1500mAh) antenni vy\u00f6klipsi rannelenkki Latauslaite hankittava erikseen: yksitt\u00e4islaturi (CH10L23 [&hellip;]\" \/>\n<meta property=\"og:url\" content=\"https:\/\/bander.com\/en\/tuotteet\/uhf-handheld-radios\/hytera-bd505-lf-pmr446\/\" \/>\n<meta property=\"og:site_name\" content=\"Bandercom\" \/>\n<meta property=\"article:modified_time\" content=\"2025-10-17T08:26:55+00:00\" \/>\n<meta property=\"og:image\" content=\"https:\/\/bander.com\/wp-content\/uploads\/2025\/08\/BD505LF.png\" \/>\n\t<meta property=\"og:image:width\" content=\"600\" \/>\n\t<meta property=\"og:image:height\" content=\"600\" \/>\n\t<meta property=\"og:image:type\" content=\"image\/png\" \/>\n<meta name=\"twitter:card\" content=\"summary_large_image\" \/>\n<meta name=\"twitter:label1\" content=\"Est. reading time\" \/>\n\t<meta name=\"twitter:data1\" content=\"1 minute\" \/>\n<script type=\"application\/ld+json\" class=\"yoast-schema-graph\">{\"@context\":\"https:\\\/\\\/schema.org\",\"@graph\":[{\"@type\":\"WebPage\",\"@id\":\"https:\\\/\\\/bander.com\\\/en\\\/tuotteet\\\/uhf-handheld-radios\\\/hytera-bd505-lf-pmr446\\\/\",\"url\":\"https:\\\/\\\/bander.com\\\/en\\\/tuotteet\\\/uhf-handheld-radios\\\/hytera-bd505-lf-pmr446\\\/\",\"name\":\"Hytera BD505 LF PMR446 - Bandercom\",\"isPartOf\":{\"@id\":\"https:\\\/\\\/bander.com\\\/en\\\/#website\"},\"primaryImageOfPage\":{\"@id\":\"https:\\\/\\\/bander.com\\\/en\\\/tuotteet\\\/uhf-handheld-radios\\\/hytera-bd505-lf-pmr446\\\/#primaryimage\"},\"image\":{\"@id\":\"https:\\\/\\\/bander.com\\\/en\\\/tuotteet\\\/uhf-handheld-radios\\\/hytera-bd505-lf-pmr446\\\/#primaryimage\"},\"thumbnailUrl\":\"https:\\\/\\\/bander.com\\\/wp-content\\\/uploads\\\/2025\\\/08\\\/BD505LF.png\",\"datePublished\":\"2025-08-21T06:05:19+00:00\",\"dateModified\":\"2025-10-17T08:26:55+00:00\",\"breadcrumb\":{\"@id\":\"https:\\\/\\\/bander.com\\\/en\\\/tuotteet\\\/uhf-handheld-radios\\\/hytera-bd505-lf-pmr446\\\/#breadcrumb\"},\"inLanguage\":\"en-US\",\"potentialAction\":[{\"@type\":\"ReadAction\",\"target\":[\"https:\\\/\\\/bander.com\\\/en\\\/tuotteet\\\/uhf-handheld-radios\\\/hytera-bd505-lf-pmr446\\\/\"]}]},{\"@type\":\"ImageObject\",\"inLanguage\":\"en-US\",\"@id\":\"https:\\\/\\\/bander.com\\\/en\\\/tuotteet\\\/uhf-handheld-radios\\\/hytera-bd505-lf-pmr446\\\/#primaryimage\",\"url\":\"https:\\\/\\\/bander.com\\\/wp-content\\\/uploads\\\/2025\\\/08\\\/BD505LF.png\",\"contentUrl\":\"https:\\\/\\\/bander.com\\\/wp-content\\\/uploads\\\/2025\\\/08\\\/BD505LF.png\",\"width\":600,\"height\":600},{\"@type\":\"BreadcrumbList\",\"@id\":\"https:\\\/\\\/bander.com\\\/en\\\/tuotteet\\\/uhf-handheld-radios\\\/hytera-bd505-lf-pmr446\\\/#breadcrumb\",\"itemListElement\":[{\"@type\":\"ListItem\",\"position\":1,\"name\":\"Etusivu\",\"item\":\"https:\\\/\\\/bander.com\\\/en\\\/\"},{\"@type\":\"ListItem\",\"position\":2,\"name\":\"Products\",\"item\":\"https:\\\/\\\/bander.com\\\/en\\\/shop\\\/\"},{\"@type\":\"ListItem\",\"position\":3,\"name\":\"Hytera BD505 LF PMR446\"}]},{\"@type\":\"WebSite\",\"@id\":\"https:\\\/\\\/bander.com\\\/en\\\/#website\",\"url\":\"https:\\\/\\\/bander.com\\\/en\\\/\",\"name\":\"Bandercom\",\"description\":\"Radiopuhelinverkkojen suunnittelu, rkonsultointi ja investoitikartoitukset, asennusty\u00f6t, radiopuhelimien vuokraus, radiopuhelimet, radiopuhelin, UHF, VHF\",\"publisher\":{\"@id\":\"https:\\\/\\\/bander.com\\\/en\\\/#organization\"},\"potentialAction\":[{\"@type\":\"SearchAction\",\"target\":{\"@type\":\"EntryPoint\",\"urlTemplate\":\"https:\\\/\\\/bander.com\\\/en\\\/?s={search_term_string}\"},\"query-input\":{\"@type\":\"PropertyValueSpecification\",\"valueRequired\":true,\"valueName\":\"search_term_string\"}}],\"inLanguage\":\"en-US\"},{\"@type\":\"Organization\",\"@id\":\"https:\\\/\\\/bander.com\\\/en\\\/#organization\",\"name\":\"Bandercom\",\"url\":\"https:\\\/\\\/bander.com\\\/en\\\/\",\"logo\":{\"@type\":\"ImageObject\",\"inLanguage\":\"en-US\",\"@id\":\"https:\\\/\\\/bander.com\\\/en\\\/#\\\/schema\\\/logo\\\/image\\\/\",\"url\":\"https:\\\/\\\/bander.com\\\/wp-content\\\/uploads\\\/2024\\\/09\\\/bandercom-logo.png\",\"contentUrl\":\"https:\\\/\\\/bander.com\\\/wp-content\\\/uploads\\\/2024\\\/09\\\/bandercom-logo.png\",\"width\":300,\"height\":52,\"caption\":\"Bandercom\"},\"image\":{\"@id\":\"https:\\\/\\\/bander.com\\\/en\\\/#\\\/schema\\\/logo\\\/image\\\/\"}}]}<\/script>\n<!-- \/ Yoast SEO plugin. -->","yoast_head_json":{"title":"Hytera BD505 LF PMR446 - Bandercom","robots":{"index":"index","follow":"follow","max-snippet":"max-snippet:-1","max-image-preview":"max-image-preview:large","max-video-preview":"max-video-preview:-1"},"canonical":"https:\/\/bander.com\/en\/tuotteet\/uhf-handheld-radios\/hytera-bd505-lf-pmr446\/","og_locale":"en_US","og_type":"article","og_title":"Hytera BD505 LF PMR446 - Bandercom","og_description":"Kuvaus: Hyteran valmistama kest\u00e4v\u00e4 ja kevyt lupavapaa PMR446 radiopuhelin p\u00e4ivitt\u00e4iseen k\u00e4ytt\u00f6\u00f6n. Sopii hyvin myym\u00e4l\u00e4ty\u00f6skentelyyn, varastoihin, turvallisuusalalle ja teollisuuden tarpeisiin. Mitat 108\u00d754\u00d729mm ja paino 227g. 3,7 V k\u00e4ytt\u00f6j\u00e4nnite 1500mAh akku (saatavissa 2000mAh tehoakulla) Tuotetiedot Mitat 108\u00d754\u00d729mm ja paino 227g. IP luokitus: 57 Myyntipakkaus sis\u00e4lt\u00e4\u00e4: BD-505 Radio akku (1500mAh) antenni vy\u00f6klipsi rannelenkki Latauslaite hankittava erikseen: yksitt\u00e4islaturi (CH10L23 [&hellip;]","og_url":"https:\/\/bander.com\/en\/tuotteet\/uhf-handheld-radios\/hytera-bd505-lf-pmr446\/","og_site_name":"Bandercom","article_modified_time":"2025-10-17T08:26:55+00:00","og_image":[{"width":600,"height":600,"url":"https:\/\/bander.com\/wp-content\/uploads\/2025\/08\/BD505LF.png","type":"image\/png"}],"twitter_card":"summary_large_image","twitter_misc":{"Est. reading time":"1 minute"},"schema":{"@context":"https:\/\/schema.org","@graph":[{"@type":"WebPage","@id":"https:\/\/bander.com\/en\/tuotteet\/uhf-handheld-radios\/hytera-bd505-lf-pmr446\/","url":"https:\/\/bander.com\/en\/tuotteet\/uhf-handheld-radios\/hytera-bd505-lf-pmr446\/","name":"Hytera BD505 LF PMR446 - Bandercom","isPartOf":{"@id":"https:\/\/bander.com\/en\/#website"},"primaryImageOfPage":{"@id":"https:\/\/bander.com\/en\/tuotteet\/uhf-handheld-radios\/hytera-bd505-lf-pmr446\/#primaryimage"},"image":{"@id":"https:\/\/bander.com\/en\/tuotteet\/uhf-handheld-radios\/hytera-bd505-lf-pmr446\/#primaryimage"},"thumbnailUrl":"https:\/\/bander.com\/wp-content\/uploads\/2025\/08\/BD505LF.png","datePublished":"2025-08-21T06:05:19+00:00","dateModified":"2025-10-17T08:26:55+00:00","breadcrumb":{"@id":"https:\/\/bander.com\/en\/tuotteet\/uhf-handheld-radios\/hytera-bd505-lf-pmr446\/#breadcrumb"},"inLanguage":"en-US","potentialAction":[{"@type":"ReadAction","target":["https:\/\/bander.com\/en\/tuotteet\/uhf-handheld-radios\/hytera-bd505-lf-pmr446\/"]}]},{"@type":"ImageObject","inLanguage":"en-US","@id":"https:\/\/bander.com\/en\/tuotteet\/uhf-handheld-radios\/hytera-bd505-lf-pmr446\/#primaryimage","url":"https:\/\/bander.com\/wp-content\/uploads\/2025\/08\/BD505LF.png","contentUrl":"https:\/\/bander.com\/wp-content\/uploads\/2025\/08\/BD505LF.png","width":600,"height":600},{"@type":"BreadcrumbList","@id":"https:\/\/bander.com\/en\/tuotteet\/uhf-handheld-radios\/hytera-bd505-lf-pmr446\/#breadcrumb","itemListElement":[{"@type":"ListItem","position":1,"name":"Etusivu","item":"https:\/\/bander.com\/en\/"},{"@type":"ListItem","position":2,"name":"Products","item":"https:\/\/bander.com\/en\/shop\/"},{"@type":"ListItem","position":3,"name":"Hytera BD505 LF PMR446"}]},{"@type":"WebSite","@id":"https:\/\/bander.com\/en\/#website","url":"https:\/\/bander.com\/en\/","name":"Bandercom","description":"Radiopuhelinverkkojen suunnittelu, rkonsultointi ja investoitikartoitukset, asennusty\u00f6t, radiopuhelimien vuokraus, radiopuhelimet, radiopuhelin, UHF, VHF","publisher":{"@id":"https:\/\/bander.com\/en\/#organization"},"potentialAction":[{"@type":"SearchAction","target":{"@type":"EntryPoint","urlTemplate":"https:\/\/bander.com\/en\/?s={search_term_string}"},"query-input":{"@type":"PropertyValueSpecification","valueRequired":true,"valueName":"search_term_string"}}],"inLanguage":"en-US"},{"@type":"Organization","@id":"https:\/\/bander.com\/en\/#organization","name":"Bandercom","url":"https:\/\/bander.com\/en\/","logo":{"@type":"ImageObject","inLanguage":"en-US","@id":"https:\/\/bander.com\/en\/#\/schema\/logo\/image\/","url":"https:\/\/bander.com\/wp-content\/uploads\/2024\/09\/bandercom-logo.png","contentUrl":"https:\/\/bander.com\/wp-content\/uploads\/2024\/09\/bandercom-logo.png","width":300,"height":52,"caption":"Bandercom"},"image":{"@id":"https:\/\/bander.com\/en\/#\/schema\/logo\/image\/"}}]}},"uagb_featured_image_src":{"full":["https:\/\/bander.com\/wp-content\/uploads\/2025\/08\/BD505LF.png",600,600,false],"thumbnail":["https:\/\/bander.com\/wp-content\/uploads\/2025\/08\/BD505LF-150x150.png",150,150,true],"medium":["https:\/\/bander.com\/wp-content\/uploads\/2025\/08\/BD505LF-300x300.png",300,300,true],"medium_large":["https:\/\/bander.com\/wp-content\/uploads\/2025\/08\/BD505LF.png",600,600,false],"large":["https:\/\/bander.com\/wp-content\/uploads\/2025\/08\/BD505LF.png",600,600,false],"1536x1536":["https:\/\/bander.com\/wp-content\/uploads\/2025\/08\/BD505LF.png",600,600,false],"2048x2048":["https:\/\/bander.com\/wp-content\/uploads\/2025\/08\/BD505LF.png",600,600,false],"woocommerce_thumbnail":["https:\/\/bander.com\/wp-content\/uploads\/2025\/08\/BD505LF-324x324.png",324,324,true],"woocommerce_single":["https:\/\/bander.com\/wp-content\/uploads\/2025\/08\/BD505LF-416x416.png",416,416,true],"woocommerce_gallery_thumbnail":["https:\/\/bander.com\/wp-content\/uploads\/2025\/08\/BD505LF-100x100.png",100,100,true]},"uagb_author_info":{"display_name":"lemonshop@lemonsoft.fi","author_link":"https:\/\/bander.com\/en\/author\/"},"uagb_comment_info":0,"uagb_excerpt":"Kuvaus: Hyteran valmistama kest\u00e4v\u00e4 ja kevyt lupavapaa PMR446 radiopuhelin p\u00e4ivitt\u00e4iseen k\u00e4ytt\u00f6\u00f6n. Sopii hyvin myym\u00e4l\u00e4ty\u00f6skentelyyn, varastoihin, turvallisuusalalle ja teollisuuden tarpeisiin. Mitat 108\u00d754\u00d729mm ja paino 227g. 3,7 V k\u00e4ytt\u00f6j\u00e4nnite 1500mAh akku (saatavissa 2000mAh tehoakulla) Tuotetiedot Mitat 108\u00d754\u00d729mm ja paino 227g. IP luokitus: 57 Myyntipakkaus sis\u00e4lt\u00e4\u00e4: BD-505 Radio akku (1500mAh) antenni vy\u00f6klipsi rannelenkki Latauslaite hankittava erikseen: yksitt\u00e4islaturi (CH10L23&hellip;","_links":{"self":[{"href":"https:\/\/bander.com\/en\/wp-json\/wp\/v2\/product\/10085","targetHints":{"allow":["GET"]}}],"collection":[{"href":"https:\/\/bander.com\/en\/wp-json\/wp\/v2\/product"}],"about":[{"href":"https:\/\/bander.com\/en\/wp-json\/wp\/v2\/types\/product"}],"wp:featuredmedia":[{"embeddable":true,"href":"https:\/\/bander.com\/en\/wp-json\/wp\/v2\/media\/14561"}],"wp:attachment":[{"href":"https:\/\/bander.com\/en\/wp-json\/wp\/v2\/media?parent=10085"}],"wp:term":[{"taxonomy":"product_brand","embeddable":true,"href":"https:\/\/bander.com\/en\/wp-json\/wp\/v2\/product_brand?post=10085"},{"taxonomy":"product_cat","embeddable":true,"href":"https:\/\/bander.com\/en\/wp-json\/wp\/v2\/product_cat?post=10085"},{"taxonomy":"product_tag","embeddable":true,"href":"https:\/\/bander.com\/en\/wp-json\/wp\/v2\/product_tag?post=10085"}],"curies":[{"name":"wp","href":"https:\/\/api.w.org\/{rel}","templated":true}]}}