{"id":4063,"date":"2024-10-14T09:22:06","date_gmt":"2024-10-14T06:22:06","guid":{"rendered":"https:\/\/bander.com\/sisapeitto\/"},"modified":"2025-08-07T16:03:36","modified_gmt":"2025-08-07T13:03:36","slug":"in-building","status":"publish","type":"page","link":"https:\/\/bander.com\/en\/solutions\/in-building\/","title":{"rendered":"Confined Area Coverage"},"content":{"rendered":"\n<div class=\"wp-block-uagb-container uagb-block-5ec124c7 alignfull uagb-is-root-container\"><div class=\"uagb-container-inner-blocks-wrap\">\n<div class=\"wp-block-uagb-advanced-heading uagb-block-492d6d84\"><h1 class=\"uagb-heading-text\">Confined Area Coverage<\/h1><\/div>\n<\/div><\/div>\n\n<div class=\"wp-block-uagb-container uagb-block-623dd359 alignfull uagb-is-root-container\"><div class=\"uagb-container-inner-blocks-wrap\">\n<h2 class=\"wp-block-heading has-text-align-left\">Coverage extensions<\/h2>\n\n\n\n<p>As a contract contractor, Bandercom specializes in coverage solutions for demanding areas and indoor spaces, extending the range of multiple wireless systems to areas where coverage is normally limited or non-existent. Ammattitaitomme takaa toimivan ratkaisun l\u00e4hes tasas\u00e4hk\u00f6taajuuksista useiden Gigahertsien alueelle tuoden loistavan kuuluvuuden esimerkiksi seuraaviin j\u00e4rjestelmiin: <\/p>\n\n\n\n<ul class=\"wp-block-list\">\n<li>VIRVE public authority network<\/li>\n\n\n\n<li>TETRA<\/li>\n\n\n\n<li>DMR and dPMR<\/li>\n\n\n\n<li>PMR\/LMR<\/li>\n\n\n\n<li>GSM\/UMTS<\/li>\n\n\n\n<li>CDMA\/OFDM<\/li>\n\n\n\n<li>Wifi \/ WLAN<\/li>\n\n\n\n<li>4G\/LTE<\/li>\n\n\n\n<li>Broadcasting \/VHF FM<\/li>\n<\/ul>\n\n\n\n<p>This guarantees excellent coverage with several systems, such as:<\/p>\n<\/div><\/div>\n\n<div class=\"wp-block-uagb-container has-background-color uagb-block-22652dce alignfull uagb-is-root-container\"><div class=\"uagb-container-inner-blocks-wrap\">\n<div class=\"wp-block-uagb-advanced-heading uagb-block-df558f86\"><h2 class=\"uagb-heading-text\">In-building coverage services step-by-step from business point of view:<\/h2><\/div>\n\n\n\n<div class=\"wp-block-uagb-container uagb-layout-grid uagb-block-dd5fd8e3\">\n<div class=\"wp-block-uagb-container uagb-block-c5f84118\">\n<h3 class=\"wp-block-heading\" style=\"font-size:22px\">Preliminary planning and planning phase<\/h3>\n\n\n\n<p>Starting collaboration with an expert at an early stage helps make a plan that is precise enough already at the beginning enables seamless integration of system installation and construction work. Careful planning saves time and money.   <\/p>\n\n\n\n<p>As soon as you contact our sales team, our experts prepare a preliminary plan on the basis of the assignment. After this, a bidding process for contractors and equipment suppliers can be organized. Under the Rescue Act (379\/2011), the coverage of the VIRVE public authority network must be verified and indoor coverage must be extended, when necessary for certain facilities, such as shopping centers and parking structures. <\/p>\n<\/div>\n\n\n\n<div class=\"wp-block-uagb-container uagb-block-93f15e8f\">\n<h3 class=\"wp-block-heading\" style=\"font-size:22px\">Performing a worksite survey and work plan<\/h3>\n\n\n\n<p>At the first stage, we inspect the physical structures on site and consider the options available. After this, the observations are documented and a detailed report is prepared. Consultation with RF experts and project managers is a central part of this survey and planning stage. At the second phase, we prepare a predictive RF model to serve as the foundation for any further analyses.   <\/p>\n\n\n\n<p>Bandercom\u2019s survey and planning services include the following activities:<\/p>\n<\/div>\n<\/div>\n\n\n\n<div class=\"wp-block-uagb-container uagb-layout-grid uagb-block-32f4064b\">\n<div class=\"wp-block-uagb-container uagb-block-4b445a70\">\n<h3 class=\"wp-block-heading\" style=\"font-size:22px\">a) Onsite RF analysis<\/h3>\n\n\n\n<p>Our comprehensive onsite RF analysis provides the client with all the information required for a proposal for further measures.<\/p>\n\n\n\n<p>The analysis is carried out with a test transmitter and signal strength measurement tools. The site\u2019s RF characteristics are then either confirmed or, when necessary, adjustments are made to the predictive RF model prepared earlier. In addition, we perform a basic RF spectrum analyzer sweep to identify any sources of RF interference, enabling us to rectify the situation before it can cause problems in production  <\/p>\n<\/div>\n\n\n\n<div class=\"wp-block-uagb-container uagb-block-8b41cbbe\">\n<h3 class=\"wp-block-heading\" style=\"font-size:22px\">b) Site assessment and installation planning<\/h3>\n\n\n\n<p>We photograph and document all the cable runs, inlets and proposed installation locations for base station equipment, repeaters and antennas in line with the client\u2019s specifications and the applicable safety and regulatory requirements. Whenever required, we also prepare a complete set of detailed installation instructions. <\/p>\n<\/div>\n<\/div>\n<\/div><\/div>\n\n<div class=\"wp-block-uagb-container uagb-block-94b9db03 alignfull uagb-is-root-container\"><div class=\"uagb-container-inner-blocks-wrap\">\n<div class=\"wp-block-uagb-advanced-heading uagb-block-f0fef84d\"><h2 class=\"uagb-heading-text\">Installation phase<\/h2><\/div>\n\n\n\n<p><strong>Installation services<\/strong><br\/>Bandercom offers installation services as partial deliveries or complete packages, as agreed with the client.<\/p>\n\n\n\n<p><strong>Personnel services<\/strong><br\/>P\u00e4tev\u00e4 ja osaava sis\u00e4peittoratkaisujen asennuksiin erikoistunut asennushenkil\u00f6st\u00f6 on valmiina toteuttamaan projektinne:<\/p>\n\n\n\n<p><strong>Supervision services<\/strong><br\/>Our worksite management services include the following tasks: supervising installation during work hours, keeping documentation up to date, preparing draft and sketch documents, training the workforce, preparing documents, offering consultation and participating in meetings for worksite and project staff.<\/p>\n<\/div><\/div>\n\n<div class=\"wp-block-uagb-container uagb-block-7afb4379 alignfull uagb-is-root-container\"><div class=\"uagb-container-inner-blocks-wrap\">\n<div class=\"wp-block-uagb-advanced-heading uagb-block-a3671698\"><h2 class=\"uagb-heading-text\">Post-installation phase<\/h2><\/div>\n\n\n\n<p><strong>Deployment services<br\/><\/strong>With their strong expertise, our staff can offer all commissioning services related to RF repeaters and base stations. Bandercom has the know-how required to perform commissioning of a wide range of systems, from fire station command centers to underground facilities, complete with the required documentation. <\/p>\n\n\n\n<p><strong>Verification and commissioning services<br\/><\/strong>This service is intended for the owner of the system, the client or the end user or alternatively for the project management team. A professionally performed verification service also provides contractors with valuable information on the quality of the work. <\/p>\n\n\n\n<div style=\"height:35px\" aria-hidden=\"true\" class=\"wp-block-spacer\"><\/div>\n\n\n\n<div class=\"wp-block-uagb-advanced-heading uagb-block-cebdcab5\"><h3 class=\"uagb-heading-text\">Our deployment services include the following tasks:<\/h3><\/div>\n\n\n\n<div class=\"wp-block-columns is-layout-flex wp-container-core-columns-is-layout-28f84493 wp-block-columns-is-layout-flex\">\n<div class=\"wp-block-column is-layout-flow wp-block-column-is-layout-flow\">\n<h3 class=\"wp-block-heading\" style=\"font-size:22px\">a) RF coverage and signal strength measurements<\/h3>\n\n\n\n<p>Onsite RF tests (RF signal strength, bit error rate and multipath phenomena) are carried out as walk-through measurements. The areas in which the required standard is not met are highlighted and overall signal levels are marked on the plans. <\/p>\n<\/div>\n\n\n\n<div class=\"wp-block-column is-layout-flow wp-block-column-is-layout-flow\">\n<h3 class=\"wp-block-heading\" style=\"font-size:22px\">b) Verification of network services<\/h3>\n\n\n\n<p>In addition to coverage measurements, tests that investigate system and network functions are essential. In the case of the VIRVE system, these include testing direct and group call functions and circuit-switched calls, status messages and data applications in line with the VIRVE requirements. For other systems, the content of the verification service is determined on the basis of the client\u2019s requirements.   <\/p>\n<\/div>\n<\/div>\n<\/div><\/div>\n","protected":false},"excerpt":{"rendered":"<p>Confined Area Coverage Coverage extensions As a contract contractor, Bandercom specializes in coverage solutions for demanding areas and indoor spaces, extending the range of multiple wireless systems to areas where coverage is normally limited or non-existent. Ammattitaitomme takaa toimivan ratkaisun l\u00e4hes tasas\u00e4hk\u00f6taajuuksista useiden Gigahertsien alueelle tuoden loistavan kuuluvuuden esimerkiksi seuraaviin j\u00e4rjestelmiin: This guarantees excellent coverage [&hellip;]<\/p>\n","protected":false},"author":8,"featured_media":0,"parent":9904,"menu_order":3,"comment_status":"closed","ping_status":"closed","template":"","meta":{"_uag_custom_page_level_css":"","footnotes":""},"class_list":["post-4063","page","type-page","status-publish","hentry"],"yoast_head":"<!-- This site is optimized with the Yoast SEO plugin v27.4 - https:\/\/yoast.com\/product\/yoast-seo-wordpress\/ -->\n<title>Confined Area Coverage - Bandercom<\/title>\n<meta name=\"robots\" content=\"index, follow, max-snippet:-1, max-image-preview:large, max-video-preview:-1\" \/>\n<link rel=\"canonical\" href=\"https:\/\/bander.com\/en\/solutions\/in-building\/\" \/>\n<meta property=\"og:locale\" content=\"en_US\" \/>\n<meta property=\"og:type\" content=\"article\" \/>\n<meta property=\"og:title\" content=\"Confined Area Coverage - Bandercom\" \/>\n<meta property=\"og:description\" content=\"Confined Area Coverage Coverage extensions As a contract contractor, Bandercom specializes in coverage solutions for demanding areas and indoor spaces, extending the range of multiple wireless systems to areas where coverage is normally limited or non-existent. Ammattitaitomme takaa toimivan ratkaisun l\u00e4hes tasas\u00e4hk\u00f6taajuuksista useiden Gigahertsien alueelle tuoden loistavan kuuluvuuden esimerkiksi seuraaviin j\u00e4rjestelmiin: This guarantees excellent coverage [&hellip;]\" \/>\n<meta property=\"og:url\" content=\"https:\/\/bander.com\/en\/solutions\/in-building\/\" \/>\n<meta property=\"og:site_name\" content=\"Bandercom\" \/>\n<meta property=\"article:modified_time\" content=\"2025-08-07T13:03:36+00:00\" \/>\n<meta name=\"twitter:card\" content=\"summary_large_image\" \/>\n<meta name=\"twitter:label1\" content=\"Est. reading time\" \/>\n\t<meta name=\"twitter:data1\" content=\"3 minutes\" \/>\n<script type=\"application\/ld+json\" class=\"yoast-schema-graph\">{\"@context\":\"https:\\\/\\\/schema.org\",\"@graph\":[{\"@type\":\"WebPage\",\"@id\":\"https:\\\/\\\/bander.com\\\/en\\\/solutions\\\/in-building\\\/\",\"url\":\"https:\\\/\\\/bander.com\\\/en\\\/solutions\\\/in-building\\\/\",\"name\":\"Confined Area Coverage - Bandercom\",\"isPartOf\":{\"@id\":\"https:\\\/\\\/bander.com\\\/en\\\/#website\"},\"datePublished\":\"2024-10-14T06:22:06+00:00\",\"dateModified\":\"2025-08-07T13:03:36+00:00\",\"breadcrumb\":{\"@id\":\"https:\\\/\\\/bander.com\\\/en\\\/solutions\\\/in-building\\\/#breadcrumb\"},\"inLanguage\":\"en-US\",\"potentialAction\":[{\"@type\":\"ReadAction\",\"target\":[\"https:\\\/\\\/bander.com\\\/en\\\/solutions\\\/in-building\\\/\"]}]},{\"@type\":\"BreadcrumbList\",\"@id\":\"https:\\\/\\\/bander.com\\\/en\\\/solutions\\\/in-building\\\/#breadcrumb\",\"itemListElement\":[{\"@type\":\"ListItem\",\"position\":1,\"name\":\"Etusivu\",\"item\":\"https:\\\/\\\/bander.com\\\/en\\\/\"},{\"@type\":\"ListItem\",\"position\":2,\"name\":\"Solutions\",\"item\":\"https:\\\/\\\/bander.com\\\/en\\\/solutions\\\/\"},{\"@type\":\"ListItem\",\"position\":3,\"name\":\"Confined Area Coverage\"}]},{\"@type\":\"WebSite\",\"@id\":\"https:\\\/\\\/bander.com\\\/en\\\/#website\",\"url\":\"https:\\\/\\\/bander.com\\\/en\\\/\",\"name\":\"Bandercom\",\"description\":\"Radiopuhelinverkkojen suunnittelu, rkonsultointi ja investoitikartoitukset, asennusty\u00f6t, radiopuhelimien vuokraus, radiopuhelimet, radiopuhelin, UHF, VHF\",\"publisher\":{\"@id\":\"https:\\\/\\\/bander.com\\\/en\\\/#organization\"},\"potentialAction\":[{\"@type\":\"SearchAction\",\"target\":{\"@type\":\"EntryPoint\",\"urlTemplate\":\"https:\\\/\\\/bander.com\\\/en\\\/?s={search_term_string}\"},\"query-input\":{\"@type\":\"PropertyValueSpecification\",\"valueRequired\":true,\"valueName\":\"search_term_string\"}}],\"inLanguage\":\"en-US\"},{\"@type\":\"Organization\",\"@id\":\"https:\\\/\\\/bander.com\\\/en\\\/#organization\",\"name\":\"Bandercom\",\"url\":\"https:\\\/\\\/bander.com\\\/en\\\/\",\"logo\":{\"@type\":\"ImageObject\",\"inLanguage\":\"en-US\",\"@id\":\"https:\\\/\\\/bander.com\\\/en\\\/#\\\/schema\\\/logo\\\/image\\\/\",\"url\":\"https:\\\/\\\/bander.com\\\/wp-content\\\/uploads\\\/2024\\\/09\\\/bandercom-logo.png\",\"contentUrl\":\"https:\\\/\\\/bander.com\\\/wp-content\\\/uploads\\\/2024\\\/09\\\/bandercom-logo.png\",\"width\":300,\"height\":52,\"caption\":\"Bandercom\"},\"image\":{\"@id\":\"https:\\\/\\\/bander.com\\\/en\\\/#\\\/schema\\\/logo\\\/image\\\/\"}}]}<\/script>\n<!-- \/ Yoast SEO plugin. -->","yoast_head_json":{"title":"Confined Area Coverage - Bandercom","robots":{"index":"index","follow":"follow","max-snippet":"max-snippet:-1","max-image-preview":"max-image-preview:large","max-video-preview":"max-video-preview:-1"},"canonical":"https:\/\/bander.com\/en\/solutions\/in-building\/","og_locale":"en_US","og_type":"article","og_title":"Confined Area Coverage - Bandercom","og_description":"Confined Area Coverage Coverage extensions As a contract contractor, Bandercom specializes in coverage solutions for demanding areas and indoor spaces, extending the range of multiple wireless systems to areas where coverage is normally limited or non-existent. Ammattitaitomme takaa toimivan ratkaisun l\u00e4hes tasas\u00e4hk\u00f6taajuuksista useiden Gigahertsien alueelle tuoden loistavan kuuluvuuden esimerkiksi seuraaviin j\u00e4rjestelmiin: This guarantees excellent coverage [&hellip;]","og_url":"https:\/\/bander.com\/en\/solutions\/in-building\/","og_site_name":"Bandercom","article_modified_time":"2025-08-07T13:03:36+00:00","twitter_card":"summary_large_image","twitter_misc":{"Est. reading time":"3 minutes"},"schema":{"@context":"https:\/\/schema.org","@graph":[{"@type":"WebPage","@id":"https:\/\/bander.com\/en\/solutions\/in-building\/","url":"https:\/\/bander.com\/en\/solutions\/in-building\/","name":"Confined Area Coverage - Bandercom","isPartOf":{"@id":"https:\/\/bander.com\/en\/#website"},"datePublished":"2024-10-14T06:22:06+00:00","dateModified":"2025-08-07T13:03:36+00:00","breadcrumb":{"@id":"https:\/\/bander.com\/en\/solutions\/in-building\/#breadcrumb"},"inLanguage":"en-US","potentialAction":[{"@type":"ReadAction","target":["https:\/\/bander.com\/en\/solutions\/in-building\/"]}]},{"@type":"BreadcrumbList","@id":"https:\/\/bander.com\/en\/solutions\/in-building\/#breadcrumb","itemListElement":[{"@type":"ListItem","position":1,"name":"Etusivu","item":"https:\/\/bander.com\/en\/"},{"@type":"ListItem","position":2,"name":"Solutions","item":"https:\/\/bander.com\/en\/solutions\/"},{"@type":"ListItem","position":3,"name":"Confined Area Coverage"}]},{"@type":"WebSite","@id":"https:\/\/bander.com\/en\/#website","url":"https:\/\/bander.com\/en\/","name":"Bandercom","description":"Radiopuhelinverkkojen suunnittelu, rkonsultointi ja investoitikartoitukset, asennusty\u00f6t, radiopuhelimien vuokraus, radiopuhelimet, radiopuhelin, UHF, VHF","publisher":{"@id":"https:\/\/bander.com\/en\/#organization"},"potentialAction":[{"@type":"SearchAction","target":{"@type":"EntryPoint","urlTemplate":"https:\/\/bander.com\/en\/?s={search_term_string}"},"query-input":{"@type":"PropertyValueSpecification","valueRequired":true,"valueName":"search_term_string"}}],"inLanguage":"en-US"},{"@type":"Organization","@id":"https:\/\/bander.com\/en\/#organization","name":"Bandercom","url":"https:\/\/bander.com\/en\/","logo":{"@type":"ImageObject","inLanguage":"en-US","@id":"https:\/\/bander.com\/en\/#\/schema\/logo\/image\/","url":"https:\/\/bander.com\/wp-content\/uploads\/2024\/09\/bandercom-logo.png","contentUrl":"https:\/\/bander.com\/wp-content\/uploads\/2024\/09\/bandercom-logo.png","width":300,"height":52,"caption":"Bandercom"},"image":{"@id":"https:\/\/bander.com\/en\/#\/schema\/logo\/image\/"}}]}},"uagb_featured_image_src":{"full":false,"thumbnail":false,"medium":false,"medium_large":false,"large":false,"1536x1536":false,"2048x2048":false,"woocommerce_thumbnail":false,"woocommerce_single":false,"woocommerce_gallery_thumbnail":false},"uagb_author_info":{"display_name":"Iikka Ruotsalainen","author_link":"https:\/\/bander.com\/en\/author\/rajasoft_iikka\/"},"uagb_comment_info":0,"uagb_excerpt":"Confined Area Coverage Coverage extensions As a contract contractor, Bandercom specializes in coverage solutions for demanding areas and indoor spaces, extending the range of multiple wireless systems to areas where coverage is normally limited or non-existent. Ammattitaitomme takaa toimivan ratkaisun l\u00e4hes tasas\u00e4hk\u00f6taajuuksista useiden Gigahertsien alueelle tuoden loistavan kuuluvuuden esimerkiksi seuraaviin j\u00e4rjestelmiin: This guarantees excellent coverage&hellip;","_links":{"self":[{"href":"https:\/\/bander.com\/en\/wp-json\/wp\/v2\/pages\/4063","targetHints":{"allow":["GET"]}}],"collection":[{"href":"https:\/\/bander.com\/en\/wp-json\/wp\/v2\/pages"}],"about":[{"href":"https:\/\/bander.com\/en\/wp-json\/wp\/v2\/types\/page"}],"author":[{"embeddable":true,"href":"https:\/\/bander.com\/en\/wp-json\/wp\/v2\/users\/8"}],"replies":[{"embeddable":true,"href":"https:\/\/bander.com\/en\/wp-json\/wp\/v2\/comments?post=4063"}],"version-history":[{"count":0,"href":"https:\/\/bander.com\/en\/wp-json\/wp\/v2\/pages\/4063\/revisions"}],"up":[{"embeddable":true,"href":"https:\/\/bander.com\/en\/wp-json\/wp\/v2\/pages\/9904"}],"wp:attachment":[{"href":"https:\/\/bander.com\/en\/wp-json\/wp\/v2\/media?parent=4063"}],"curies":[{"name":"wp","href":"https:\/\/api.w.org\/{rel}","templated":true}]}}